{"id":1299,"date":"2024-11-27T09:42:05","date_gmt":"2024-11-27T02:42:05","guid":{"rendered":"https:\/\/www.berrino.vn\/?page_id=1299"},"modified":"2024-11-27T13:43:55","modified_gmt":"2024-11-27T06:43:55","slug":"chinh-sach-bao-mat-thong-tin","status":"publish","type":"page","link":"https:\/\/www.berrino.vn\/en\/chinh-sach-bao-mat-thong-tin\/","title":{"rendered":"Confidential policies"},"content":{"rendered":"<section class=\"section\" id=\"section_297393947\">\n\t\t<div class=\"bg section-bg fill bg-fill  bg-loaded\" >\n\n\t\t\t\n\t\t\t\n\t\t\t\n\n\t\t<\/div>\n\n\t\t\n\n\t\t<div class=\"section-content relative\">\n\t\t\t\n<div class=\"row\"  id=\"row-2026953125\">\n\n\t<div id=\"col-309484458\" class=\"col small-12 large-12\"  >\n\t\t\t\t<div class=\"col-inner\"  >\n\t\t\t\n\t\t\t\n\t<div id=\"text-2077699326\" class=\"text segtitle\">\n\t\t\n<nav aria-label=\"breadcrumbs\" class=\"rank-math-breadcrumb\"><p><span class=\"last\">Trang ch\u1ee7<\/span><\/p><\/nav>\n<h1>Confidential policies<\/h1>\n\t\t\t<\/div>\n\t\n\n<div id=\"ez-toc-container\" class=\"ez-toc-v2_0_76 counter-hierarchy ez-toc-counter ez-toc-grey ez-toc-container-direction\">\n<div class=\"ez-toc-title-container\">\n<div class=\"ez-toc-title\" style=\"cursor:inherit\">N\u1ed9i dung b\u00e0i vi\u1ebft<\/div>\n<span class=\"ez-toc-title-toggle\"><a href=\"#\" class=\"ez-toc-pull-right ez-toc-btn ez-toc-btn-xs ez-toc-btn-default ez-toc-toggle\" aria-label=\"Toggle Table of Content\"><span class=\"ez-toc-js-icon-con\"><span class=\"\"><span class=\"eztoc-hide\" style=\"display:none;\">Toggle<\/span><span class=\"ez-toc-icon-toggle-span\"><svg style=\"fill: #999;color:#999\" xmlns=\"http:\/\/www.w3.org\/2000\/svg\" class=\"list-377408\" width=\"20px\" height=\"20px\" viewbox=\"0 0 24 24\" fill=\"none\"><path d=\"M6 6H4v2h2V6zm14 0H8v2h12V6zM4 11h2v2H4v-2zm16 0H8v2h12v-2zM4 16h2v2H4v-2zm16 0H8v2h12v-2z\" fill=\"currentColor\"><\/path><\/svg><svg style=\"fill: #999;color:#999\" class=\"arrow-unsorted-368013\" xmlns=\"http:\/\/www.w3.org\/2000\/svg\" width=\"10px\" height=\"10px\" viewbox=\"0 0 24 24\" version=\"1.2\" baseprofile=\"tiny\"><path d=\"M18.2 9.3l-6.2-6.3-6.2 6.3c-.2.2-.3.4-.3.7s.1.5.3.7c.2.2.4.3.7.3h11c.3 0 .5-.1.7-.3.2-.2.3-.5.3-.7s-.1-.5-.3-.7zM5.8 14.7l6.2 6.3 6.2-6.3c.2-.2.3-.5.3-.7s-.1-.5-.3-.7c-.2-.2-.4-.3-.7-.3h-11c-.3 0-.5.1-.7.3-.2.2-.3.5-.3.7s.1.5.3.7z\"\/><\/svg><\/span><\/span><\/span><\/a><\/span><\/div>\n<nav><ul class='ez-toc-list ez-toc-list-level-1' ><li class='ez-toc-page-1 ez-toc-heading-level-2'><a class=\"ez-toc-link ez-toc-heading-1\" href=\"https:\/\/www.berrino.vn\/en\/chinh-sach-bao-mat-thong-tin\/#Muc_dich_thu_thap_thong_tin\" >M\u1ee5c \u0111\u00edch thu th\u1eadp th\u00f4ng tin<\/a><\/li><li class='ez-toc-page-1 ez-toc-heading-level-2'><a class=\"ez-toc-link ez-toc-heading-2\" href=\"https:\/\/www.berrino.vn\/en\/chinh-sach-bao-mat-thong-tin\/#Pham_vi_chinh_sach\" >Ph\u1ea1m vi ch\u00ednh s\u00e1ch<\/a><\/li><li class='ez-toc-page-1 ez-toc-heading-level-2'><a class=\"ez-toc-link ez-toc-heading-3\" href=\"https:\/\/www.berrino.vn\/en\/chinh-sach-bao-mat-thong-tin\/#Thoi_gian_su_dung_thong_tin\" >Th\u1eddi gian s\u1eed d\u1ee5ng th\u00f4ng tin<\/a><\/li><li class='ez-toc-page-1 ez-toc-heading-level-2'><a class=\"ez-toc-link ez-toc-heading-4\" href=\"https:\/\/www.berrino.vn\/en\/chinh-sach-bao-mat-thong-tin\/#Quyen_cua_nguoi_dung\" >Quy\u1ec1n c\u1ee7a ng\u01b0\u1eddi d\u00f9ng<\/a><\/li><li class='ez-toc-page-1 ez-toc-heading-level-2'><a class=\"ez-toc-link ez-toc-heading-5\" href=\"https:\/\/www.berrino.vn\/en\/chinh-sach-bao-mat-thong-tin\/#Chinh_sach_quan_li_Cookie\" >Ch\u00ednh s\u00e1ch qu\u1ea3n l\u00ed Cookie<\/a><\/li><li class='ez-toc-page-1 ez-toc-heading-level-2'><a class=\"ez-toc-link ez-toc-heading-6\" href=\"https:\/\/www.berrino.vn\/en\/chinh-sach-bao-mat-thong-tin\/#Cam_ket_bao_mat_thong_tin\" >Cam k\u1ebft b\u1ea3o m\u1eadt th\u00f4ng tin<\/a><\/li><li class='ez-toc-page-1 ez-toc-heading-level-2'><a class=\"ez-toc-link ez-toc-heading-7\" href=\"https:\/\/www.berrino.vn\/en\/chinh-sach-bao-mat-thong-tin\/#Thac_mac_va_ho_tro\" >Th\u1eafc m\u1eafc v\u00e0 h\u1ed7 tr\u1ee3<\/a><\/li><\/ul><\/nav><\/div>\n\n\n\t\t<\/div>\n\t\t\t\t\t<\/div>\n\n\t\n\n\t<div id=\"col-766575276\" class=\"col small-12 large-12\"  >\n\t\t\t\t<div class=\"col-inner\"  >\n\t\t\t\n\t\t\t\n<h2><span class=\"ez-toc-section\" id=\"Muc_dich_thu_thap_thong_tin\"><\/span><span style=\"font-weight: 400;\">M\u1ee5c \u0111\u00edch thu th\u1eadp th\u00f4ng tin<\/span><span class=\"ez-toc-section-end\"><\/span><\/h2>\n<p><span style=\"font-weight: 400;\">Berrino thu th\u1eadp d\u1eef li\u1ec7u c\u00e1 nh\u00e2n ng\u01b0\u1eddi d\u00f9ng tr\u00ean website https:\/\/www.berrino.vn\/<\/span> <span style=\"font-weight: 400;\">nh\u1eb1m m\u1ee5c \u0111\u00edch x\u00e1c nh\u1eadn th\u00f4ng tin li\u00ean h\u1ec7 c\u1ee7a kh\u00e1ch h\u00e0ng. Ngo\u00e0i ra, vi\u1ec7c thu th\u1eadp n\u00e0y gi\u00fap n\u00e2ng cao tr\u1ea3i nghi\u1ec7m s\u1eed d\u1ee5ng, b\u1ea3o v\u1ec7 quy\u1ec1n l\u1ee3i c\u1ee7a b\u1ea1n trong qu\u00e1 tr\u00ecnh s\u1eed d\u1ee5ng d\u1ecbch v\u1ee5. T\u1ea5t c\u1ea3 th\u00f4ng tin \u0111\u01b0\u1ee3c s\u1eed d\u1ee5ng \u0111\u01b0\u1ee3c cam k\u1ebft tu\u00e2n th\u1ee7 theo c\u00e1c ti\u00eau chu\u1ea9n b\u1ea3o m\u1eadt v\u00e0 ph\u00e1p lu\u1eadt hi\u1ec7n h\u00e0nh.<\/span><\/p>\n<p><span style=\"font-weight: 400;\">C\u00e1c lo\u1ea1i d\u1eef li\u1ec7u \u0111\u01b0\u1ee3c thu th\u1eadp bao g\u1ed3m:\u00a0<\/span><\/p>\n<p><span style=\"font-weight: 400;\">(1) <\/span><b>Th\u00f4ng tin c\u00e1 nh\u00e2n<\/b><span style=\"font-weight: 400;\"> nh\u01b0 h\u1ecd t\u00ean, email, s\u1ed1 \u0111i\u1ec7n tho\u1ea1i, \u0111\u1ecba ch\u1ec9, c\u00f4ng ty (n\u1ebfu b\u1ea1n cung c\u1ea5p qua bi\u1ec3u m\u1eabu ho\u1eb7c trong qu\u00e1 tr\u00ecnh trao \u0111\u1ed5i)<\/span><\/p>\n<p><span style=\"font-weight: 400;\">(2) <\/span><b>D\u1eef li\u1ec7u s\u1eed d\u1ee5ng d\u1ecbch v\u1ee5<\/b><span style=\"font-weight: 400;\">, bao g\u1ed3m c\u00e1c ho\u1ea1t \u0111\u1ed9ng nh\u01b0 \u0111\u0103ng k\u00fd s\u1eed d\u1ee5ng, \u0111\u0103ng nh\u1eadp t\u00e0i kho\u1ea3n v\u00e0 c\u00e1c l\u01b0\u1ee3t t\u01b0\u01a1ng t\u00e1c tr\u00ean website.<\/span><\/p>\n<p><span style=\"font-weight: 400;\">\u00a0Nh\u1eefng th\u00f4ng tin n\u00e0y gi\u00fap Berrino ph\u1ee5c v\u1ee5 b\u1ea1n t\u1ed1t h\u01a1n, mang \u0111\u1ebfn c\u00e1c gi\u1ea3i ph\u00e1p t\u1ed1i \u01b0u v\u00e0 n\u00e2ng cao ch\u1ea5t l\u01b0\u1ee3ng tr\u1ea3i nghi\u1ec7m.\u00a0<\/span><\/p>\n<h2><span class=\"ez-toc-section\" id=\"Pham_vi_chinh_sach\"><\/span><span style=\"font-weight: 400;\">Ph\u1ea1m vi ch\u00ednh s\u00e1ch<\/span><span class=\"ez-toc-section-end\"><\/span><\/h2>\n<p><span style=\"font-weight: 400;\">Ch\u00ednh s\u00e1ch \u00e1p d\u1ee5ng cho c\u00e1c th\u00f4ng tin \u0111\u01b0\u1ee3c thu th\u1eadp t\u1eeb ng\u01b0\u1eddi d\u00f9ng qua website, bao g\u1ed3m th\u00f4ng tin c\u00e1 nh\u00e2n (nh\u01b0 h\u1ecd t\u00ean, email, s\u1ed1 \u0111i\u1ec7n tho\u1ea1i) v\u00e0 d\u1eef li\u1ec7u li\u00ean quan \u0111\u1ebfn t\u01b0\u01a1ng t\u00e1c tr\u00ean website.\u00a0<\/span><\/p>\n<h2><span class=\"ez-toc-section\" id=\"Thoi_gian_su_dung_thong_tin\"><\/span><span style=\"font-weight: 400;\">Th\u1eddi gian s\u1eed d\u1ee5ng th\u00f4ng tin<\/span><span class=\"ez-toc-section-end\"><\/span><\/h2>\n<p><span style=\"font-weight: 400;\">Berrino<\/span><\/p>\n<p><span style=\"font-weight: 400;\">\u00a0cam k\u1ebft l\u01b0u tr\u1eef th\u00f4ng tin c\u00e1 nh\u00e2n c\u1ee7a ng\u01b0\u1eddi d\u00f9ng cho \u0111\u1ebfn khi nh\u1eadn \u0111\u01b0\u1ee3c y\u00eau c\u1ea7u x\u00f3a b\u1ecf t\u1eeb ch\u00ednh ng\u01b0\u1eddi d\u00f9ng. Ngh\u0129a l\u00e0, th\u00f4ng tin c\u1ee7a b\u1ea1n s\u1ebd \u0111\u01b0\u1ee3c gi\u1eef l\u1ea1i tr\u00ean h\u1ec7 th\u1ed1ng website cho \u0111\u1ebfn khi b\u1ea1n y\u00eau c\u1ea7u x\u00f3a kh\u1ecfi c\u01a1 s\u1edf d\u1eef li\u1ec7u c\u1ee7a ch\u00fang t\u00f4i.<\/span><\/p>\n<p><span style=\"font-weight: 400;\">Trong tr\u01b0\u1eddng h\u1ee3p kh\u00f4ng c\u00f3 y\u00eau c\u1ea7u x\u00f3a b\u1ecf, Berrino \u0111\u1ea3m b\u1ea3o th\u1ef1c hi\u1ec7n c\u00e1c bi\u1ec7n ph\u00e1p b\u1ea3o m\u1eadt k\u1ef9 thu\u1eadt v\u00e0 qu\u1ea3n l\u00fd ch\u1eb7t ch\u1ebd \u0111\u1ec3 b\u1ea3o v\u1ec7 th\u00f4ng tin c\u00e1 nh\u00e2n c\u1ee7a b\u1ea1n tr\u00ean trang web ch\u00ednh th\u1ee9c t\u1ea1i \u0111\u1ecba ch\u1ec9 https:\/\/www.berrino.vn\/<\/span><b>.\u00a0 <\/b><span style=\"font-weight: 400;\">C\u00e1c bi\u1ec7n ph\u00e1p n\u00e0y bao g\u1ed3m ng\u0103n ch\u1eb7n c\u00e1c r\u1ee7i ro m\u1ea5t m\u00e1t, l\u1ea1m d\u1ee5ng, truy c\u1eadp tr\u00e1i ph\u00e9p, ti\u1ebft l\u1ed9, s\u1eeda \u0111\u1ed5i ho\u1eb7c ph\u00e1 h\u1ee7y th\u00f4ng tin c\u00e1 nh\u00e2n, nh\u1eb1m \u0111\u1ea3m b\u1ea3o an to\u00e0n v\u00e0 b\u1ea3o m\u1eadt t\u1ed1i \u0111a.\u00a0<\/span><\/p>\n<h2><span class=\"ez-toc-section\" id=\"Quyen_cua_nguoi_dung\"><\/span><span style=\"font-weight: 400;\">Quy\u1ec1n c\u1ee7a ng\u01b0\u1eddi d\u00f9ng<\/span><span class=\"ez-toc-section-end\"><\/span><\/h2>\n<ul>\n<li style=\"font-weight: 400;\" aria-level=\"1\"><b>Quy\u1ec1n truy c\u1eadp v\u00e0 ch\u1ec9nh s\u1eeda th\u00f4ng tin:<\/b><span style=\"font-weight: 400;\"> B\u1ea1n c\u00f3 th\u1ec3 truy c\u1eadp v\u00e0 c\u1eadp nh\u1eadt th\u00f4ng tin c\u00e1 nh\u00e2n c\u1ee7a m\u00ecnh tr\u00ean h\u1ec7 th\u1ed1ng b\u1ea5t k\u1ef3 l\u00fac n\u00e0o.\u00a0\u00a0<\/span><\/li>\n<li style=\"font-weight: 400;\" aria-level=\"1\"><b>Quy\u1ec1n y\u00eau c\u1ea7u x\u00f3a th\u00f4ng tin:<\/b><span style=\"font-weight: 400;\"> B\u1ea1n c\u00f3 th\u1ec3 y\u00eau c\u1ea7u x\u00f3a b\u1ecf th\u00f4ng tin c\u00e1 nh\u00e2n c\u1ee7a m\u00ecnh kh\u1ecfi h\u1ec7 th\u1ed1ng b\u1ea5t c\u1ee9 khi n\u00e0o.\u00a0\u00a0<\/span><\/li>\n<li style=\"font-weight: 400;\" aria-level=\"1\"><b>Quy\u1ec1n h\u1ea1n ch\u1ebf thu th\u1eadp d\u1eef li\u1ec7u:<\/b><span style=\"font-weight: 400;\"> B\u1ea1n c\u00f3 quy\u1ec1n gi\u1edbi h\u1ea1n vi\u1ec7c thu th\u1eadp m\u1ed9t s\u1ed1 lo\u1ea1i th\u00f4ng tin c\u00e1 nh\u00e2n nh\u1ea5t \u0111\u1ecbnh theo nhu c\u1ea7u c\u1ee7a b\u1ea1n.\u00a0\u00a0<\/span><\/li>\n<li style=\"font-weight: 400;\" aria-level=\"1\"><b>Quy\u1ec1n ph\u1ea3n h\u1ed3i:<\/b><span style=\"font-weight: 400;\"> B\u1ea1n c\u00f3 th\u1ec3 \u0111\u01b0a ra \u00fd ki\u1ebfn ho\u1eb7c khi\u1ebfu n\u1ea1i li\u00ean quan \u0111\u1ebfn c\u00e1ch thu th\u1eadp v\u00e0 s\u1eed d\u1ee5ng d\u1eef li\u1ec7u c\u00e1 nh\u00e2n c\u1ee7a b\u1ea1n.\u00a0\u00a0<\/span><\/li>\n<\/ul>\n<h2><span class=\"ez-toc-section\" id=\"Chinh_sach_quan_li_Cookie\"><\/span><span style=\"font-weight: 400;\">Ch\u00ednh s\u00e1ch qu\u1ea3n l\u00ed Cookie<\/span><span class=\"ez-toc-section-end\"><\/span><\/h2>\n<p><span style=\"font-weight: 400;\">Berrino s\u1eed d\u1ee5ng Cookie \u0111\u1ec3 nh\u1eadn di\u1ec7n \u0111\u1ecba ch\u1ec9 IP v\u00e0 l\u01b0u tr\u1eef th\u00f4ng tin b\u1ea1n \u0111\u00e3 nh\u1eadp v\u00e0o trang li\u00ean h\u1ec7, gi\u00fap b\u1ea1n ti\u1ebft ki\u1ec7m th\u1eddi gian khi truy c\u1eadp l\u1ea1i. Website c\u1ee7a ch\u00fang t\u00f4i c\u0169ng t\u00edch h\u1ee3p Google Analytics nh\u1eb1m ph\u00e2n t\u00edch v\u00e0 hi\u1ec3u r\u00f5 h\u01a1n v\u1ec1 nhu c\u1ea7u c\u1ee7a b\u1ea1n, t\u1eeb \u0111\u00f3 n\u00e2ng cao ch\u1ea5t l\u01b0\u1ee3ng d\u1ecbch v\u1ee5.<\/span><\/p>\n<p><span style=\"font-weight: 400;\">B\u1ea1n c\u00f3 th\u1ec3 ki\u1ec3m so\u00e1t v\u00e0 qu\u1ea3n l\u00fd cookie th\u00f4ng qua c\u00e0i \u0111\u1eb7t tr\u00ecnh duy\u1ec7t c\u1ee7a m\u00ecnh. Tuy nhi\u00ean, xin l\u01b0u \u00fd r\u1eb1ng vi\u1ec7c t\u1eeb ch\u1ed1i Cookie c\u00f3 th\u1ec3 \u1ea3nh h\u01b0\u1edfng \u0111\u1ebfn tr\u1ea3i nghi\u1ec7m v\u00e0 kh\u1ea3 n\u0103ng s\u1eed d\u1ee5ng m\u1ed9t s\u1ed1 t\u00ednh n\u0103ng tr\u00ean website c\u1ee7a Berrino.<\/span><\/p>\n<h2><span class=\"ez-toc-section\" id=\"Cam_ket_bao_mat_thong_tin\"><\/span><span style=\"font-weight: 400;\">Cam k\u1ebft b\u1ea3o m\u1eadt th\u00f4ng tin<\/span><span class=\"ez-toc-section-end\"><\/span><\/h2>\n<p><span style=\"font-weight: 400;\">Berrino s\u1edf h\u1eefu \u0111\u1ed9i ng\u0169 k\u1ef9 thu\u1eadt v\u00e0 an ninh m\u1ea1ng chuy\u00ean tr\u00e1ch nh\u1eb1m ng\u0103n ch\u1eb7n truy c\u1eadp tr\u00e1i ph\u00e9p ho\u1eb7c m\u1ea5t m\u00e1t th\u00f4ng tin c\u00e1 nh\u00e2n c\u1ee7a b\u1ea1n. D\u1eef li\u1ec7u c\u00e1 nh\u00e2n \u0111\u01b0\u1ee3c l\u01b0u tr\u1eef tr\u00ean h\u1ec7 th\u1ed1ng m\u00e1y ch\u1ee7 an to\u00e0n c\u1ee7a ch\u00fang t\u00f4i v\u00e0 m\u1ecdi vi ph\u1ea1m s\u1ebd \u0111\u01b0\u1ee3c x\u1eed l\u00fd nghi\u00eam theo quy \u0111\u1ecbnh ph\u00e1p lu\u1eadt Vi\u1ec7t Nam. Th\u00f4ng tin giao d\u1ecbch \u0111\u01b0\u1ee3c b\u1ea3o m\u1eadt tuy\u1ec7t \u0111\u1ed1i nh\u01b0ng c\u00f3 th\u1ec3 \u0111\u01b0\u1ee3c cung c\u1ea5p cho c\u01a1 quan ch\u1ee9c n\u0103ng khi c\u00f3 y\u00eau c\u1ea7u h\u1ee3p ph\u00e1p.<\/span><\/p>\n<p><span style=\"font-weight: 400;\">Ch\u00fang t\u00f4i lu\u00f4n n\u1ed7 l\u1ef1c kh\u00f4ng ng\u1eebng \u0111\u1ec3 n\u00e2ng cao ch\u1ea5t l\u01b0\u1ee3ng d\u1ecbch v\u1ee5 v\u00e0 \u0111\u1ea3m b\u1ea3o an to\u00e0n cho th\u00f4ng tin c\u00e1 nh\u00e2n c\u1ee7a ng\u01b0\u1eddi d\u00f9ng tr\u00ean website. Berrino s\u1eb5n s\u00e0ng l\u1eafng nghe v\u00e0 ti\u1ebfp nh\u1eadn m\u1ecdi \u00fd ki\u1ebfn ph\u1ea3n h\u1ed3i \u0111\u1ec3 k\u1ecbp th\u1eddi x\u1eed l\u00fd khi c\u00f3 b\u1ea5t k\u1ef3 v\u1ea5n \u0111\u1ec1 n\u00e0o ph\u00e1t sinh.<\/span><\/p>\n<h2><span class=\"ez-toc-section\" id=\"Thac_mac_va_ho_tro\"><\/span><span style=\"font-weight: 400;\">Th\u1eafc m\u1eafc v\u00e0 h\u1ed7 tr\u1ee3<\/span><span class=\"ez-toc-section-end\"><\/span><\/h2>\n<p><span style=\"font-weight: 400;\">N\u1ebfu Qu\u00fd kh\u00e1ch c\u00f3 b\u1ea5t k\u1ef3 th\u1eafc m\u1eafc n\u00e0o ho\u1eb7c c\u1ea7n h\u1ed7 tr\u1ee3, vui l\u00f2ng li\u00ean h\u1ec7 v\u1edbi ch\u00fang t\u00f4i qua c\u00e1c k\u00eanh sau:<\/span><\/p>\n<ul>\n<li style=\"font-weight: 400;\" aria-level=\"1\"><b>\u0110i\u1ec7n tho\u1ea1i<\/b><span style=\"font-weight: 400;\">: 0989.204.274<\/span><\/li>\n<li style=\"font-weight: 400;\" aria-level=\"1\"><b>\u0110\u1ecba ch\u1ec9 c\u00f4ng ty<\/b><span style=\"font-weight: 400;\">: 13 \u0111\u01b0\u1eddng s\u1ed1 1, ph\u01b0\u1eddng 11, qu\u1eadn 6, th\u00e0nh ph\u1ed1 H\u1ed3 Ch\u00ed Minh<\/span><\/li>\n<\/ul>\n<p><b>Email<\/b><span style=\"font-weight: 400;\">: salesvinafruit.hcm@gmail.com<\/span><\/p>\n\t\t<\/div>\n\t\t\t\t\t<\/div>\n\n\t\n<\/div>\n\t\t<\/div>\n\n\t\t\n<style>\n#section_297393947 {\n  padding-top: 30px;\n  padding-bottom: 30px;\n}\n<\/style>\n\t<\/section>","protected":false},"excerpt":{"rendered":"","protected":false},"author":2,"featured_media":0,"parent":0,"menu_order":0,"comment_status":"closed","ping_status":"closed","template":"page-blank.php","meta":{"footnotes":""},"class_list":["post-1299","page","type-page","status-publish","hentry"],"acf":[],"_links":{"self":[{"href":"https:\/\/www.berrino.vn\/en\/wp-json\/wp\/v2\/pages\/1299","targetHints":{"allow":["GET"]}}],"collection":[{"href":"https:\/\/www.berrino.vn\/en\/wp-json\/wp\/v2\/pages"}],"about":[{"href":"https:\/\/www.berrino.vn\/en\/wp-json\/wp\/v2\/types\/page"}],"author":[{"embeddable":true,"href":"https:\/\/www.berrino.vn\/en\/wp-json\/wp\/v2\/users\/2"}],"replies":[{"embeddable":true,"href":"https:\/\/www.berrino.vn\/en\/wp-json\/wp\/v2\/comments?post=1299"}],"version-history":[{"count":8,"href":"https:\/\/www.berrino.vn\/en\/wp-json\/wp\/v2\/pages\/1299\/revisions"}],"predecessor-version":[{"id":1383,"href":"https:\/\/www.berrino.vn\/en\/wp-json\/wp\/v2\/pages\/1299\/revisions\/1383"}],"wp:attachment":[{"href":"https:\/\/www.berrino.vn\/en\/wp-json\/wp\/v2\/media?parent=1299"}],"curies":[{"name":"wp","href":"https:\/\/api.w.org\/{rel}","templated":true}]}}