{"id":2472,"date":"2026-03-05T11:21:49","date_gmt":"2026-03-05T04:21:49","guid":{"rendered":"https:\/\/www.berrino.vn\/?page_id=2472"},"modified":"2026-03-05T11:21:49","modified_gmt":"2026-03-05T04:21:49","slug":"berrino_form","status":"publish","type":"page","link":"https:\/\/www.berrino.vn\/en\/berrino_form\/","title":{"rendered":"berrino_form"},"content":{"rendered":"<div class=\"wpforms-container wpforms-container-full\" id=\"wpforms-2461\"><form id=\"wpforms-form-2461\" class=\"wpforms-validate wpforms-form wpforms-ajax-form\" data-formid=\"2461\" method=\"post\" enctype=\"multipart\/form-data\" action=\"\/en\/wp-json\/wp\/v2\/pages\/2472\" data-token=\"e319acd410f0f836012ab1d0e214cc51\" data-trp-original-action=\"\/en\/wp-json\/wp\/v2\/pages\/2472\"><noscript class=\"wpforms-error-noscript\">Please enable JavaScript in your browser to complete this form.<\/noscript><div class=\"wpforms-field-container\"><div id=\"wpforms-2461-field_1-container\" class=\"wpforms-field wpforms-field-name\" data-field-id=\"1\"><label class=\"wpforms-field-label\" for=\"wpforms-2461-field_1\">H\u1ecd &amp; T\u00ean <span class=\"wpforms-required-label\">*<\/span><\/label><input type=\"text\" id=\"wpforms-2461-field_1\" class=\"wpforms-field-medium wpforms-field-required\" name=\"wpforms[fields][1]\" required><\/div><div id=\"wpforms-2461-field_6-container\" class=\"wpforms-field wpforms-field-radio\" data-field-id=\"6\"><label class=\"wpforms-field-label\" for=\"wpforms-2461-field_6\">Qu\u00fd kh\u00e1ch h\u00e0ng l\u00e0: <span class=\"wpforms-required-label\">*<\/span><\/label><ul id=\"wpforms-2461-field_6\" class=\"wpforms-field-required\"><li class=\"choice-1 depth-1\"><input type=\"radio\" id=\"wpforms-2461-field_6_1\" name=\"wpforms[fields][6]\" value=\"\u0110\u1ea1i L\u00fd \" required><label class=\"wpforms-field-label-inline\" for=\"wpforms-2461-field_6_1\">\u0110\u1ea1i L\u00fd <\/label><\/li><li class=\"choice-3 depth-1\"><input type=\"radio\" id=\"wpforms-2461-field_6_3\" name=\"wpforms[fields][6]\" value=\"H\u1ed9 Kinh Doanh\" required><label class=\"wpforms-field-label-inline\" for=\"wpforms-2461-field_6_3\">H\u1ed9 Kinh Doanh<\/label><\/li><li class=\"choice-4 depth-1\"><input type=\"radio\" id=\"wpforms-2461-field_6_4\" name=\"wpforms[fields][6]\" value=\"C\u00e1 Nh\u00e2n\" required><label class=\"wpforms-field-label-inline\" for=\"wpforms-2461-field_6_4\">C\u00e1 Nh\u00e2n<\/label><\/li><li class=\"choice-2 depth-1\"><input type=\"radio\" id=\"wpforms-2461-field_6_2\" name=\"wpforms[fields][6]\" value=\"Th\u1ecb Tr\u01b0\u1eddng N\u01b0\u1edbc Ngo\u00e0i\" required><label class=\"wpforms-field-label-inline\" for=\"wpforms-2461-field_6_2\">Th\u1ecb Tr\u01b0\u1eddng N\u01b0\u1edbc Ngo\u00e0i<\/label><\/li><\/ul><\/div><div id=\"wpforms-2461-field_9-container\" class=\"wpforms-field wpforms-field-phone\" data-field-id=\"9\"><label class=\"wpforms-field-label\" for=\"wpforms-2461-field_9\">S\u1ed1 \u0111i\u1ec7n tho\u1ea1i <span class=\"wpforms-required-label\">*<\/span><\/label><input type=\"tel\" id=\"wpforms-2461-field_9\" class=\"wpforms-field-medium wpforms-field-required wpforms-smart-phone-field\" data-rule-smart-phone-field=\"true\" name=\"wpforms[fields][9]\" placeholder=\"0989204274\" required><\/div><div id=\"wpforms-2461-field_7-container\" class=\"wpforms-field wpforms-field-text\" data-field-id=\"7\"><label class=\"wpforms-field-label\" for=\"wpforms-2461-field_7\">\u0110\u1ecba \u0111i\u1ec3m kinh doanh <span class=\"wpforms-required-label\">*<\/span><\/label><input type=\"text\" id=\"wpforms-2461-field_7\" class=\"wpforms-field-medium wpforms-field-required\" name=\"wpforms[fields][7]\" required><\/div><div id=\"wpforms-2461-field_3-container\" class=\"wpforms-field wpforms-field-textarea\" data-field-id=\"3\"><label class=\"wpforms-field-label\" for=\"wpforms-2461-field_3\">N\u1ed9i dung  <span class=\"wpforms-required-label\">*<\/span><\/label><textarea id=\"wpforms-2461-field_3\" class=\"wpforms-field-medium wpforms-field-required\" name=\"wpforms[fields][3]\" placeholder=\"N\u1ed9i dung c\u1ea7n h\u1ed7 tr\u1ee3....\" required><\/textarea><\/div><\/div><div class=\"wpforms-recaptcha-container wpforms-is-recaptcha\" ><div class=\"g-recaptcha\" data-sitekey=\"6LfAZYUsAAAAALlEfkv-AVXAf-BvrlggTbA5rT0m\"><\/div><input type=\"text\" name=\"g-recaptcha-hidden\" class=\"wpforms-recaptcha-hidden\" style=\"position:absolute!important;clip:rect(0,0,0,0)!important;height:1px!important;width:1px!important;border:0!important;overflow:hidden!important;padding:0!important;margin:0!important;\" required><\/div><div class=\"wpforms-submit-container\" ><input type=\"hidden\" name=\"wpforms[id]\" value=\"2461\"><input type=\"hidden\" name=\"wpforms[author]\" value=\"2\"><button type=\"submit\" name=\"wpforms[submit]\" class=\"wpforms-submit\" id=\"wpforms-submit-2461\" value=\"wpforms-submit\" aria-live=\"assertive\" data-alt-text=\"\u0110ang g\u1eedi...\" data-submit-text=\"G\u1eedi\">G\u1eedi<\/button><img loading=\"lazy\" decoding=\"async\" src=\"https:\/\/www.berrino.vn\/wp-content\/plugins\/wpforms\/assets\/images\/submit-spin.svg\" class=\"wpforms-submit-spinner\" style=\"display: none;\" width=\"26\" height=\"26\" alt=\"\"><\/div><input type=\"hidden\" name=\"trp-form-language\" value=\"en\"\/><\/form><\/div>  <!-- .wpforms-container -->","protected":false},"excerpt":{"rendered":"","protected":false},"author":2,"featured_media":0,"parent":0,"menu_order":0,"comment_status":"closed","ping_status":"closed","template":"","meta":{"footnotes":""},"class_list":["post-2472","page","type-page","status-publish","hentry"],"acf":[],"_links":{"self":[{"href":"https:\/\/www.berrino.vn\/en\/wp-json\/wp\/v2\/pages\/2472","targetHints":{"allow":["GET"]}}],"collection":[{"href":"https:\/\/www.berrino.vn\/en\/wp-json\/wp\/v2\/pages"}],"about":[{"href":"https:\/\/www.berrino.vn\/en\/wp-json\/wp\/v2\/types\/page"}],"author":[{"embeddable":true,"href":"https:\/\/www.berrino.vn\/en\/wp-json\/wp\/v2\/users\/2"}],"replies":[{"embeddable":true,"href":"https:\/\/www.berrino.vn\/en\/wp-json\/wp\/v2\/comments?post=2472"}],"version-history":[{"count":1,"href":"https:\/\/www.berrino.vn\/en\/wp-json\/wp\/v2\/pages\/2472\/revisions"}],"predecessor-version":[{"id":2473,"href":"https:\/\/www.berrino.vn\/en\/wp-json\/wp\/v2\/pages\/2472\/revisions\/2473"}],"wp:attachment":[{"href":"https:\/\/www.berrino.vn\/en\/wp-json\/wp\/v2\/media?parent=2472"}],"curies":[{"name":"wp","href":"https:\/\/api.w.org\/{rel}","templated":true}]}}