{"id":30,"date":"2023-12-06T13:51:15","date_gmt":"2023-12-06T06:51:15","guid":{"rendered":"https:\/\/www.berrino.vn\/?page_id=30"},"modified":"2026-03-05T15:04:49","modified_gmt":"2026-03-05T08:04:49","slug":"lien-he","status":"publish","type":"page","link":"https:\/\/www.berrino.vn\/en\/lien-he\/","title":{"rendered":"Contact"},"content":{"rendered":"<div id=\"page-header-810499410\" class=\"page-header-wrapper\">\n  <div class=\"page-title hidden dark featured-title\">\n\n    \n    <div class=\"page-title-inner container align-center flex-row medium-flex-wrap\" >\n              <div class=\"title-wrapper flex-col text-left medium-text-center\">\n          <h1 class=\"entry-title mb-0\">\n            Contact          <\/h1>\n        <\/div>\n                    <div class=\"title-content flex-col flex-right text-right medium-text-center\">\n        <div class=\"title-breadcrumbs pb-half pt-half\"><\/div>      <\/div>\n    <\/div>\n\n       <\/div>\n    <\/div>\n  \n\t<section class=\"section\" id=\"section_260897772\">\n\t\t<div class=\"bg section-bg fill bg-fill  bg-loaded\" >\n\n\t\t\t\n\t\t\t\n\t\t\t\n\n\t\t<\/div>\n\n\t\t\n\n\t\t<div class=\"section-content relative\">\n\t\t\t\n<div class=\"row row-large\"  id=\"row-244875147\">\n\n\t<div id=\"col-1332583545\" class=\"col medium-8 small-12 large-8\"  >\n\t\t\t\t<div class=\"col-inner\"  >\n\t\t\t\n\t\t\t\n\t<div id=\"text-1222940902\" class=\"text segtitle\">\n\t\t\n<h2>Contact us<\/h2>\n<p>Contact us for earliest help and consultation .<\/p>\n\t\t\n<style>\n#text-1222940902 {\n  text-align: center;\n  color: #116709;\n}\n#text-1222940902 > * {\n  color: #116709;\n}\n<\/style>\n\t<\/div>\n\t\n\n<div class=\"wpforms-container wpforms-container-full\" id=\"wpforms-2461\"><form id=\"wpforms-form-2461\" class=\"wpforms-validate wpforms-form wpforms-ajax-form\" data-formid=\"2461\" method=\"post\" enctype=\"multipart\/form-data\" action=\"\/en\/wp-json\/wp\/v2\/pages\/30\" data-token=\"a0443ddf347666c12467010842ec57eb\" data-trp-original-action=\"\/en\/wp-json\/wp\/v2\/pages\/30\"><noscript class=\"wpforms-error-noscript\">Please enable JavaScript in your browser to complete this form.<\/noscript><div class=\"wpforms-field-container\"><div id=\"wpforms-2461-field_1-container\" class=\"wpforms-field wpforms-field-name\" data-field-id=\"1\"><label class=\"wpforms-field-label\" for=\"wpforms-2461-field_1\">H\u1ecd &amp; T\u00ean <span class=\"wpforms-required-label\">*<\/span><\/label><input type=\"text\" id=\"wpforms-2461-field_1\" class=\"wpforms-field-medium wpforms-field-required\" name=\"wpforms[fields][1]\" required><\/div><div id=\"wpforms-2461-field_6-container\" class=\"wpforms-field wpforms-field-radio\" data-field-id=\"6\"><label class=\"wpforms-field-label\" for=\"wpforms-2461-field_6\">Qu\u00fd kh\u00e1ch h\u00e0ng l\u00e0: <span class=\"wpforms-required-label\">*<\/span><\/label><ul id=\"wpforms-2461-field_6\" class=\"wpforms-field-required\"><li class=\"choice-1 depth-1\"><input type=\"radio\" id=\"wpforms-2461-field_6_1\" name=\"wpforms[fields][6]\" value=\"\u0110\u1ea1i L\u00fd \" required><label class=\"wpforms-field-label-inline\" for=\"wpforms-2461-field_6_1\">\u0110\u1ea1i L\u00fd <\/label><\/li><li class=\"choice-3 depth-1\"><input type=\"radio\" id=\"wpforms-2461-field_6_3\" name=\"wpforms[fields][6]\" value=\"H\u1ed9 Kinh Doanh\" required><label class=\"wpforms-field-label-inline\" for=\"wpforms-2461-field_6_3\">H\u1ed9 Kinh Doanh<\/label><\/li><li class=\"choice-4 depth-1\"><input type=\"radio\" id=\"wpforms-2461-field_6_4\" name=\"wpforms[fields][6]\" value=\"C\u00e1 Nh\u00e2n\" required><label class=\"wpforms-field-label-inline\" for=\"wpforms-2461-field_6_4\">C\u00e1 Nh\u00e2n<\/label><\/li><li class=\"choice-2 depth-1\"><input type=\"radio\" id=\"wpforms-2461-field_6_2\" name=\"wpforms[fields][6]\" value=\"Th\u1ecb Tr\u01b0\u1eddng N\u01b0\u1edbc Ngo\u00e0i\" required><label class=\"wpforms-field-label-inline\" for=\"wpforms-2461-field_6_2\">Th\u1ecb Tr\u01b0\u1eddng N\u01b0\u1edbc Ngo\u00e0i<\/label><\/li><\/ul><\/div><div id=\"wpforms-2461-field_9-container\" class=\"wpforms-field wpforms-field-phone\" data-field-id=\"9\"><label class=\"wpforms-field-label\" for=\"wpforms-2461-field_9\">S\u1ed1 \u0111i\u1ec7n tho\u1ea1i <span class=\"wpforms-required-label\">*<\/span><\/label><input type=\"tel\" id=\"wpforms-2461-field_9\" class=\"wpforms-field-medium wpforms-field-required wpforms-smart-phone-field\" data-rule-smart-phone-field=\"true\" name=\"wpforms[fields][9]\" placeholder=\"0989204274\" required><\/div><div id=\"wpforms-2461-field_7-container\" class=\"wpforms-field wpforms-field-text\" data-field-id=\"7\"><label class=\"wpforms-field-label\" for=\"wpforms-2461-field_7\">\u0110\u1ecba \u0111i\u1ec3m kinh doanh <span class=\"wpforms-required-label\">*<\/span><\/label><input type=\"text\" id=\"wpforms-2461-field_7\" class=\"wpforms-field-medium wpforms-field-required\" name=\"wpforms[fields][7]\" required><\/div><div id=\"wpforms-2461-field_3-container\" class=\"wpforms-field wpforms-field-textarea\" data-field-id=\"3\"><label class=\"wpforms-field-label\" for=\"wpforms-2461-field_3\">N\u1ed9i dung  <span class=\"wpforms-required-label\">*<\/span><\/label><textarea id=\"wpforms-2461-field_3\" class=\"wpforms-field-medium wpforms-field-required\" name=\"wpforms[fields][3]\" placeholder=\"N\u1ed9i dung c\u1ea7n h\u1ed7 tr\u1ee3....\" required><\/textarea><\/div><\/div><div class=\"wpforms-recaptcha-container wpforms-is-recaptcha\" ><div class=\"g-recaptcha\" data-sitekey=\"6LfAZYUsAAAAALlEfkv-AVXAf-BvrlggTbA5rT0m\"><\/div><input type=\"text\" name=\"g-recaptcha-hidden\" class=\"wpforms-recaptcha-hidden\" style=\"position:absolute!important;clip:rect(0,0,0,0)!important;height:1px!important;width:1px!important;border:0!important;overflow:hidden!important;padding:0!important;margin:0!important;\" required><\/div><div class=\"wpforms-submit-container\" ><input type=\"hidden\" name=\"wpforms[id]\" value=\"2461\"><input type=\"hidden\" name=\"wpforms[author]\" value=\"2\"><button type=\"submit\" name=\"wpforms[submit]\" class=\"wpforms-submit\" id=\"wpforms-submit-2461\" value=\"wpforms-submit\" aria-live=\"assertive\" data-alt-text=\"\u0110ang g\u1eedi...\" data-submit-text=\"G\u1eedi\">G\u1eedi<\/button><img loading=\"lazy\" decoding=\"async\" src=\"https:\/\/www.berrino.vn\/wp-content\/plugins\/wpforms\/assets\/images\/submit-spin.svg\" class=\"wpforms-submit-spinner\" style=\"display: none;\" width=\"26\" height=\"26\" alt=\"\"><\/div><input type=\"hidden\" name=\"trp-form-language\" value=\"en\"\/><\/form><\/div>  <!-- .wpforms-container -->\n\n\t\t<\/div>\n\t\t\t\t\t<\/div>\n\n\t\n\n\t<div id=\"col-1215769634\" class=\"col medium-4 small-12 large-4\"  >\n\t\t\t\t<div class=\"col-inner\"  >\n\t\t\t\n\t\t\t\n\t<div id=\"text-3202689809\" class=\"text box_contact\">\n\t\t\n<p><b>Email<\/b><\/p>\n<ul>\n<li><strong>sales.vinafruithcm@gmail.com<\/strong><\/li>\n<li><strong>cskh@berrino.vn<\/strong><\/li>\n<\/ul>\n\t\t\t<\/div>\n\t\n\t<div id=\"text-3198661991\" class=\"text box_contact\">\n\t\t\n<p><strong>Hotline<\/strong><\/p>\n<ul>\n<li><a href=\"tel:0909204274\"><strong> 0989.204.274<\/strong><\/a><\/li>\n<\/ul>\n\t\t\t<\/div>\n\t\n\t<div id=\"text-1680656086\" class=\"text box_contact\">\n\t\t\n<p><b>Address<\/b><\/p>\n<ul>\n<li><strong>13 \u0110\u01b0\u1eddng s\u1ed1 1, Ph\u01b0\u1eddng B\u00ecnh Ph\u00fa, TP H\u1ed3 Ch\u00ed Minh, Vi\u1ec7t Nam<\/strong><\/li>\n<\/ul>\n\t\t\t<\/div>\n\t\n\t\t<\/div>\n\t\t\t\t\t<\/div>\n\n\t\n<\/div>\n<div class=\"row row-large align-middle align-center\"  id=\"row-1259216737\">\n\n\t<div id=\"col-1603839343\" class=\"col medium-6 small-12 large-6\"  >\n\t\t\t\t<div class=\"col-inner\"  >\n\t\t\t\n\t\t\t\n<div class=\"row align-middle\"  id=\"row-136335162\">\n\n\t<div id=\"col-1390386102\" class=\"col small-12 large-12\"  >\n\t\t\t\t<div class=\"col-inner text-center\"  >\n\t\t\t\n\t\t\t\n<div class=\"social-icons follow-icons full-width text-center\" ><a href=\"https:\/\/www.facebook.com\/berrinovietnam\/\" target=\"_blank\" data-label=\"Facebook\" class=\"icon button circle is-outline facebook tooltip\" title=\"Follow on Facebook\" aria-label=\"Follow on Facebook\" rel=\"noopener nofollow\"><i class=\"icon-facebook\" ><\/i><\/a><a href=\"https:\/\/www.tiktok.com\/@berrino.vietnam\" target=\"_blank\" data-label=\"TikTok\" class=\"icon button circle is-outline tiktok tooltip\" title=\"Follow on TikTok\" aria-label=\"Follow on TikTok\" rel=\"noopener nofollow\"><i class=\"icon-tiktok\" ><\/i><\/a><a href=\"mailto:cskh@berrino.vn\" data-label=\"E-mail\" target=\"_blank\" class=\"icon button circle is-outline email tooltip\" title=\"Send us an email\" aria-label=\"Send us an email\" rel=\"nofollow noopener\" ><i class=\"icon-envelop\" ><\/i><\/a><a href=\"tel:0899204274\" data-label=\"Phone\" target=\"_blank\" class=\"icon button circle is-outline phone tooltip\" title=\"Call us\" aria-label=\"Call us\" rel=\"nofollow noopener\" ><i class=\"icon-phone\" ><\/i><\/a><\/div>\n\t\t<\/div>\n\t\t\t\t\t<\/div>\n\n\t\n<\/div>\n\t<div id=\"text-2688559370\" class=\"text list_icon-contact hidden\">\n\t\t\n<ul>\n<li><img loading=\"lazy\" decoding=\"async\" class=\"alignnone wp-image-325\" src=\"https:\/\/www.berrino.vn\/wp-content\/uploads\/2023\/12\/Link.png\" alt=\"\" width=\"160\" height=\"160\" data-wp-editing=\"1\" srcset=\"https:\/\/www.berrino.vn\/wp-content\/uploads\/2023\/12\/Link.png 160w, https:\/\/www.berrino.vn\/wp-content\/uploads\/2023\/12\/Link-100x100.png 100w, https:\/\/www.berrino.vn\/wp-content\/uploads\/2023\/12\/Link-150x150.png 150w\" sizes=\"auto, (max-width: 160px) 100vw, 160px\" \/><\/li>\n<li><img loading=\"lazy\" decoding=\"async\" class=\"alignnone size-full wp-image-324\" src=\"https:\/\/www.berrino.vn\/wp-content\/uploads\/2023\/12\/Link-1.png\" alt=\"\" width=\"160\" height=\"160\" srcset=\"https:\/\/www.berrino.vn\/wp-content\/uploads\/2023\/12\/Link-1.png 160w, https:\/\/www.berrino.vn\/wp-content\/uploads\/2023\/12\/Link-1-100x100.png 100w, https:\/\/www.berrino.vn\/wp-content\/uploads\/2023\/12\/Link-1-150x150.png 150w\" sizes=\"auto, (max-width: 160px) 100vw, 160px\" \/><\/li>\n<li><img loading=\"lazy\" decoding=\"async\" class=\"alignnone size-full wp-image-323\" src=\"https:\/\/www.berrino.vn\/wp-content\/uploads\/2023\/12\/Link-2.png\" alt=\"\" width=\"160\" height=\"160\" srcset=\"https:\/\/www.berrino.vn\/wp-content\/uploads\/2023\/12\/Link-2.png 160w, https:\/\/www.berrino.vn\/wp-content\/uploads\/2023\/12\/Link-2-100x100.png 100w, https:\/\/www.berrino.vn\/wp-content\/uploads\/2023\/12\/Link-2-150x150.png 150w\" sizes=\"auto, (max-width: 160px) 100vw, 160px\" \/><\/li>\n<li><img loading=\"lazy\" decoding=\"async\" class=\"alignnone size-full wp-image-322\" src=\"https:\/\/www.berrino.vn\/wp-content\/uploads\/2023\/12\/Link-3.png\" alt=\"\" width=\"160\" height=\"160\" srcset=\"https:\/\/www.berrino.vn\/wp-content\/uploads\/2023\/12\/Link-3.png 160w, https:\/\/www.berrino.vn\/wp-content\/uploads\/2023\/12\/Link-3-100x100.png 100w, https:\/\/www.berrino.vn\/wp-content\/uploads\/2023\/12\/Link-3-150x150.png 150w\" sizes=\"auto, (max-width: 160px) 100vw, 160px\" \/><\/li>\n<\/ul>\n\t\t\t<\/div>\n\t\n\t\t<\/div>\n\t\t\t\t\n<style>\n#col-1603839343 > .col-inner {\n  margin: 0px 0px -50px 0px;\n}\n<\/style>\n\t<\/div>\n\n\t\n\n\t<div id=\"col-1588360194\" class=\"col small-12 large-12\"  >\n\t\t\t\t<div class=\"col-inner\"  >\n\t\t\t\n\t\t\t\n\t<div id=\"gap-784821652\" class=\"gap-element clearfix\" style=\"display:block; height:auto;\">\n\t\t\n<style>\n#gap-784821652 {\n  padding-top: 10px;\n}\n<\/style>\n\t<\/div>\n\t\n<p><iframe src=\"https:\/\/www.google.com\/maps\/embed?pb=!1m18!1m12!1m3!1d3919.8569085634563!2d106.63164897573563!3d10.745509559761754!2m3!1f0!2f0!3f0!3m2!1i1024!2i768!4f13.1!3m3!1m2!1s0x31752fd95314e773%3A0x69f257b971f3e394!2sC%C3%B4ng%20Ty%20Tnhh%20Vinafruit!5e0!3m2!1svi!2s!4v1732396548398!5m2!1svi!2s\" width=\"100%\" height=\"250\" style=\"border:0;\" allowfullscreen=\"\" loading=\"lazy\" referrerpolicy=\"no-referrer-when-downgrade\"><\/iframe><\/p>\n\t\t<\/div>\n\t\t\t\t\t<\/div>\n\n\t\n<\/div>\n\t\t<\/div>\n\n\t\t\n<style>\n#section_260897772 {\n  padding-top: 80px;\n  padding-bottom: 80px;\n}\n<\/style>\n\t<\/section>","protected":false},"excerpt":{"rendered":"","protected":false},"author":2,"featured_media":0,"parent":0,"menu_order":0,"comment_status":"closed","ping_status":"closed","template":"page-blank.php","meta":{"footnotes":""},"class_list":["post-30","page","type-page","status-publish","hentry"],"acf":[],"_links":{"self":[{"href":"https:\/\/www.berrino.vn\/en\/wp-json\/wp\/v2\/pages\/30","targetHints":{"allow":["GET"]}}],"collection":[{"href":"https:\/\/www.berrino.vn\/en\/wp-json\/wp\/v2\/pages"}],"about":[{"href":"https:\/\/www.berrino.vn\/en\/wp-json\/wp\/v2\/types\/page"}],"author":[{"embeddable":true,"href":"https:\/\/www.berrino.vn\/en\/wp-json\/wp\/v2\/users\/2"}],"replies":[{"embeddable":true,"href":"https:\/\/www.berrino.vn\/en\/wp-json\/wp\/v2\/comments?post=30"}],"version-history":[{"count":29,"href":"https:\/\/www.berrino.vn\/en\/wp-json\/wp\/v2\/pages\/30\/revisions"}],"predecessor-version":[{"id":2477,"href":"https:\/\/www.berrino.vn\/en\/wp-json\/wp\/v2\/pages\/30\/revisions\/2477"}],"wp:attachment":[{"href":"https:\/\/www.berrino.vn\/en\/wp-json\/wp\/v2\/media?parent=30"}],"curies":[{"name":"wp","href":"https:\/\/api.w.org\/{rel}","templated":true}]}}