{"id":1365,"date":"2024-12-02T11:55:11","date_gmt":"2024-12-02T04:55:11","guid":{"rendered":"https:\/\/www.berrino.vn\/?post_type=product&#038;p=1365"},"modified":"2026-02-03T11:28:30","modified_gmt":"2026-02-03T04:28:30","slug":"sinh-to-viet-quat-chai-1000ml","status":"publish","type":"product","link":"https:\/\/www.berrino.vn\/en\/product\/sinh-to-viet-quat-chai-1000ml\/","title":{"rendered":"Blueberry Crush"},"content":{"rendered":"<p><strong>Sinh T\u1ed1 Vi\u1ec7t Qu\u1ea5t Berrino<\/strong> mang h\u01b0\u01a1ng v\u1ecb ng\u1ecdt d\u1ecbu t\u1ef1 nhi\u00ean, xen l\u1eabn ch\u00fat chua thanh \u0111\u1eb7c tr\u01b0ng c\u00f9ng s\u1eafc t\u00edm quy\u1ebfn r\u0169, l\u00e0 l\u1ef1a ch\u1ecdn ho\u00e0n h\u1ea3o \u0111\u1ec3 pha ch\u1ebf \u0111\u1ed3 u\u1ed1ng s\u00e1ng t\u1ea1o ho\u1eb7c l\u00e0m nguy\u00ean li\u1ec7u cho c\u00e1c m\u00f3n tr\u00e1ng mi\u1ec7ng sang tr\u1ecdng. \u0110\u01b0\u1ee3c l\u00e0m t\u1eeb nh\u1eefng tr\u00e1i vi\u1ec7t qu\u1ea5t t\u01b0\u01a1i ch\u1ecdn l\u1ecdc k\u1ef9 c\u00e0ng, s\u1ea3n ph\u1ea9m gi\u1eef tr\u1ecdn h\u01b0\u01a1ng v\u1ecb nguy\u00ean b\u1ea3n v\u00e0 d\u01b0\u1ee1ng ch\u1ea5t t\u1ef1 nhi\u00ean, kh\u00f4ng ch\u1ee9a \u0111\u01b0\u1eddng h\u00f3a h\u1ecdc, \u0111\u1ea3m b\u1ea3o an to\u00e0n s\u1ee9c kh\u1ecfe.<\/p>\n<p><strong> Sinh t\u1ed1 Berrino<\/strong> \u0111\u01b0\u1ee3c s\u1ea3n xu\u1ea5t tr\u00ean d\u00e2y chuy\u1ec1n hi\u1ec7n \u0111\u1ea1i \u0111\u1ea1t ch\u1ee9ng nh\u1eadn qu\u1ed1c t\u1ebf FSSC 22000, mang \u0111\u1ebfn ch\u1ea5t l\u01b0\u1ee3ng v\u01b0\u1ee3t tr\u1ed9i, l\u00e0 l\u1ef1a ch\u1ecdn h\u00e0ng \u0111\u1ea7u c\u1ee7a qu\u00e1n c\u00e0 ph\u00ea, nh\u00e0 h\u00e0ng v\u00e0 gia \u0111\u00ecnh y\u00eau th\u00edch \u0111\u1ed3 u\u1ed1ng ti\u1ec7n l\u1ee3i, dinh d\u01b0\u1ee1ng v\u00e0 th\u01a1m ngon.<\/p>","protected":false},"excerpt":{"rendered":"<p>Sinh T\u1ed1 Vi\u1ec7t Qu\u1ea5t Berrino mang h\u01b0\u01a1ng v\u1ecb ng\u1ecdt d\u1ecbu t\u1ef1 nhi\u00ean, xen l\u1eabn ch\u00fat chua thanh \u0111\u1eb7c tr\u01b0ng c\u00f9ng s\u1eafc t\u00edm quy\u1ebfn r\u0169, l\u00e0 l\u1ef1a ch\u1ecdn ho\u00e0n h\u1ea3o \u0111\u1ec3 pha ch\u1ebf \u0111\u1ed3 u\u1ed1ng s\u00e1ng t\u1ea1o ho\u1eb7c l\u00e0m nguy\u00ean li\u1ec7u cho c\u00e1c m\u00f3n tr\u00e1ng mi\u1ec7ng sang tr\u1ecdng. \u0110\u01b0\u1ee3c l\u00e0m t\u1eeb nh\u1eefng tr\u00e1i vi\u1ec7t qu\u1ea5t t\u01b0\u01a1i&#8230;<\/p>","protected":false},"featured_media":2109,"comment_status":"open","ping_status":"closed","template":"","meta":[],"product_brand":[],"product_cat":[15,41],"product_tag":[],"class_list":{"0":"post-1365","1":"product","2":"type-product","3":"status-publish","4":"has-post-thumbnail","6":"product_cat-nguyen-lieu-pha-che","7":"product_cat-sinh-to","9":"first","10":"instock","11":"shipping-taxable","12":"product-type-simple"},"acf":[],"_links":{"self":[{"href":"https:\/\/www.berrino.vn\/en\/wp-json\/wp\/v2\/product\/1365","targetHints":{"allow":["GET"]}}],"collection":[{"href":"https:\/\/www.berrino.vn\/en\/wp-json\/wp\/v2\/product"}],"about":[{"href":"https:\/\/www.berrino.vn\/en\/wp-json\/wp\/v2\/types\/product"}],"replies":[{"embeddable":true,"href":"https:\/\/www.berrino.vn\/en\/wp-json\/wp\/v2\/comments?post=1365"}],"wp:featuredmedia":[{"embeddable":true,"href":"https:\/\/www.berrino.vn\/en\/wp-json\/wp\/v2\/media\/2109"}],"wp:attachment":[{"href":"https:\/\/www.berrino.vn\/en\/wp-json\/wp\/v2\/media?parent=1365"}],"wp:term":[{"taxonomy":"product_brand","embeddable":true,"href":"https:\/\/www.berrino.vn\/en\/wp-json\/wp\/v2\/product_brand?post=1365"},{"taxonomy":"product_cat","embeddable":true,"href":"https:\/\/www.berrino.vn\/en\/wp-json\/wp\/v2\/product_cat?post=1365"},{"taxonomy":"product_tag","embeddable":true,"href":"https:\/\/www.berrino.vn\/en\/wp-json\/wp\/v2\/product_tag?post=1365"}],"curies":[{"name":"wp","href":"https:\/\/api.w.org\/{rel}","templated":true}]}}