{"id":1415,"date":"2024-11-27T13:58:43","date_gmt":"2024-11-27T06:58:43","guid":{"rendered":"https:\/\/www.berrino.vn\/?post_type=product&#038;p=1415"},"modified":"2026-02-03T11:30:30","modified_gmt":"2026-02-03T04:30:30","slug":"sinh-to-phuc-bon-tu-chai-1000ml","status":"publish","type":"product","link":"https:\/\/www.berrino.vn\/en\/product\/sinh-to-phuc-bon-tu-chai-1000ml\/","title":{"rendered":"Raspberry Crush"},"content":{"rendered":"<p><strong>Sinh T\u1ed1 Ph\u00fac B\u1ed3n T\u1eed Berrino<\/strong> n\u1ed5i b\u1eadt v\u1edbi v\u1ecb chua ng\u1ecdt nh\u1eb9 nh\u00e0ng, h\u00f2a quy\u1ec7n c\u00f9ng s\u1eafc \u0111\u1ecf r\u1ef1c r\u1ee1 \u0111\u1eb7c tr\u01b0ng, l\u00e0 nguy\u00ean li\u1ec7u l\u00fd t\u01b0\u1edfng cho c\u00e1c m\u00f3n \u0111\u1ed3 u\u1ed1ng v\u00e0 tr\u00e1ng mi\u1ec7ng \u0111\u1ea7y m\u00e0u s\u1eafc.<\/p>\n<p>\u0110\u01b0\u1ee3c l\u00e0m t\u1eeb nh\u1eefng tr\u00e1i ph\u00fac b\u1ed3n t\u1eed t\u01b0\u01a1i ngon, s\u1ea3n ph\u1ea9m gi\u1eef tr\u1ecdn d\u01b0\u1ee1ng ch\u1ea5t v\u00e0 h\u01b0\u01a1ng v\u1ecb nguy\u00ean b\u1ea3n, kh\u00f4ng ch\u1ee9a \u0111\u01b0\u1eddng h\u00f3a h\u1ecdc, an to\u00e0n cho s\u1ee9c kh\u1ecfe.<\/p>\n<p>Sinh t\u1ed1 Berrino \u0111\u01b0\u1ee3c s\u1ea3n xu\u1ea5t tr\u00ean d\u00e2y chuy\u1ec1n hi\u1ec7n \u0111\u1ea1i \u0111\u1ea1t ch\u1ee9ng nh\u1eadn FSSC 22000, mang \u0111\u1ebfn ch\u1ea5t l\u01b0\u1ee3ng t\u1ed1t nh\u1ea5t cho c\u00e1c qu\u00e1n c\u00e0 ph\u00ea, nh\u00e0 h\u00e0ng v\u00e0 gia \u0111\u00ecnh.<\/p>","protected":false},"excerpt":{"rendered":"<p>Sinh T\u1ed1 Ph\u00fac B\u1ed3n T\u1eed Berrino n\u1ed5i b\u1eadt v\u1edbi v\u1ecb chua ng\u1ecdt nh\u1eb9 nh\u00e0ng, h\u00f2a quy\u1ec7n c\u00f9ng s\u1eafc \u0111\u1ecf r\u1ef1c r\u1ee1 \u0111\u1eb7c tr\u01b0ng, l\u00e0 nguy\u00ean li\u1ec7u l\u00fd t\u01b0\u1edfng cho c\u00e1c m\u00f3n \u0111\u1ed3 u\u1ed1ng v\u00e0 tr\u00e1ng mi\u1ec7ng \u0111\u1ea7y m\u00e0u s\u1eafc. \u0110\u01b0\u1ee3c l\u00e0m t\u1eeb nh\u1eefng tr\u00e1i ph\u00fac b\u1ed3n t\u1eed t\u01b0\u01a1i ngon, s\u1ea3n ph\u1ea9m gi\u1eef tr\u1ecdn d\u01b0\u1ee1ng ch\u1ea5t&#8230;<\/p>","protected":false},"featured_media":2116,"comment_status":"open","ping_status":"closed","template":"","meta":[],"product_brand":[49],"product_cat":[15,41],"product_tag":[],"class_list":{"0":"post-1415","1":"product","2":"type-product","3":"status-publish","4":"has-post-thumbnail","6":"product_brand-berrino","7":"product_cat-nguyen-lieu-pha-che","8":"product_cat-sinh-to","10":"first","11":"instock","12":"shipping-taxable","13":"product-type-simple"},"acf":[],"_links":{"self":[{"href":"https:\/\/www.berrino.vn\/en\/wp-json\/wp\/v2\/product\/1415","targetHints":{"allow":["GET"]}}],"collection":[{"href":"https:\/\/www.berrino.vn\/en\/wp-json\/wp\/v2\/product"}],"about":[{"href":"https:\/\/www.berrino.vn\/en\/wp-json\/wp\/v2\/types\/product"}],"replies":[{"embeddable":true,"href":"https:\/\/www.berrino.vn\/en\/wp-json\/wp\/v2\/comments?post=1415"}],"wp:featuredmedia":[{"embeddable":true,"href":"https:\/\/www.berrino.vn\/en\/wp-json\/wp\/v2\/media\/2116"}],"wp:attachment":[{"href":"https:\/\/www.berrino.vn\/en\/wp-json\/wp\/v2\/media?parent=1415"}],"wp:term":[{"taxonomy":"product_brand","embeddable":true,"href":"https:\/\/www.berrino.vn\/en\/wp-json\/wp\/v2\/product_brand?post=1415"},{"taxonomy":"product_cat","embeddable":true,"href":"https:\/\/www.berrino.vn\/en\/wp-json\/wp\/v2\/product_cat?post=1415"},{"taxonomy":"product_tag","embeddable":true,"href":"https:\/\/www.berrino.vn\/en\/wp-json\/wp\/v2\/product_tag?post=1415"}],"curies":[{"name":"wp","href":"https:\/\/api.w.org\/{rel}","templated":true}]}}