{"id":1438,"date":"2024-11-27T14:22:37","date_gmt":"2024-11-27T07:22:37","guid":{"rendered":"https:\/\/www.berrino.vn\/?post_type=product&#038;p=1438"},"modified":"2026-02-03T11:29:12","modified_gmt":"2026-02-03T04:29:12","slug":"sinh-to-xoai-chai-1000ml","status":"publish","type":"product","link":"https:\/\/www.berrino.vn\/en\/product\/sinh-to-xoai-chai-1000ml\/","title":{"rendered":"Mango Crush"},"content":{"rendered":"<p><strong>Sinh T\u1ed1 Xo\u00e0i Berrino<\/strong> n\u1ed5i b\u1eadt v\u1edbi v\u1ecb ng\u1ecdt l\u1ecbm t\u1ef1 nhi\u00ean, h\u01b0\u01a1ng th\u01a1m n\u1ed3ng n\u00e0n t\u1eeb xo\u00e0i ch\u00edn c\u00f9ng m\u00e0u v\u00e0ng \u00f3ng b\u1eaft m\u1eaft, l\u00e0 nguy\u00ean li\u1ec7u l\u00fd t\u01b0\u1edfng \u0111\u1ec3 pha ch\u1ebf c\u00e1c lo\u1ea1i sinh t\u1ed1, cocktail ho\u1eb7c l\u00e0m m\u00f3n \u0103n v\u1eb7t \u0111\u1ed9c \u0111\u00e1o.<\/p>\n<p>Sinh t\u1ed1 \u0111\u01b0\u1ee3c l\u00e0m t\u1eeb xo\u00e0i t\u01b0\u01a1i ch\u1ecdn l\u1ecdc, gi\u1eef tr\u1ecdn h\u01b0\u01a1ng v\u1ecb nguy\u00ean b\u1ea3n v\u00e0 d\u01b0\u1ee1ng ch\u1ea5t, kh\u00f4ng ch\u1ee9a \u0111\u01b0\u1eddng h\u00f3a h\u1ecdc, an to\u00e0n cho s\u1ee9c kh\u1ecfe.<\/p>\n<p>Sinh t\u1ed1 Berrino \u0111\u01b0\u1ee3c s\u1ea3n xu\u1ea5t tr\u00ean d\u00e2y chuy\u1ec1n hi\u1ec7n \u0111\u1ea1i \u0111\u1ea1t chu\u1ea9n FSSC 22000, \u0111\u1ea3m b\u1ea3o ch\u1ea5t l\u01b0\u1ee3ng cao v\u00e0 ph\u00f9 h\u1ee3p v\u1edbi nhu c\u1ea7u c\u1ee7a m\u1ecdi kh\u00e1ch h\u00e0ng.<\/p>","protected":false},"excerpt":{"rendered":"<p>Sinh T\u1ed1 Xo\u00e0i Berrino n\u1ed5i b\u1eadt v\u1edbi v\u1ecb ng\u1ecdt l\u1ecbm t\u1ef1 nhi\u00ean, h\u01b0\u01a1ng th\u01a1m n\u1ed3ng n\u00e0n t\u1eeb xo\u00e0i ch\u00edn c\u00f9ng m\u00e0u v\u00e0ng \u00f3ng b\u1eaft m\u1eaft, l\u00e0 nguy\u00ean li\u1ec7u l\u00fd t\u01b0\u1edfng \u0111\u1ec3 pha ch\u1ebf c\u00e1c lo\u1ea1i sinh t\u1ed1, cocktail ho\u1eb7c l\u00e0m m\u00f3n \u0103n v\u1eb7t \u0111\u1ed9c \u0111\u00e1o. Sinh t\u1ed1 \u0111\u01b0\u1ee3c l\u00e0m t\u1eeb xo\u00e0i t\u01b0\u01a1i ch\u1ecdn l\u1ecdc, gi\u1eef&#8230;<\/p>","protected":false},"featured_media":2110,"comment_status":"open","ping_status":"closed","template":"","meta":[],"product_brand":[49],"product_cat":[15,41],"product_tag":[],"class_list":{"0":"post-1438","1":"product","2":"type-product","3":"status-publish","4":"has-post-thumbnail","6":"product_brand-berrino","7":"product_cat-nguyen-lieu-pha-che","8":"product_cat-sinh-to","10":"first","11":"instock","12":"shipping-taxable","13":"product-type-simple"},"acf":[],"_links":{"self":[{"href":"https:\/\/www.berrino.vn\/en\/wp-json\/wp\/v2\/product\/1438","targetHints":{"allow":["GET"]}}],"collection":[{"href":"https:\/\/www.berrino.vn\/en\/wp-json\/wp\/v2\/product"}],"about":[{"href":"https:\/\/www.berrino.vn\/en\/wp-json\/wp\/v2\/types\/product"}],"replies":[{"embeddable":true,"href":"https:\/\/www.berrino.vn\/en\/wp-json\/wp\/v2\/comments?post=1438"}],"wp:featuredmedia":[{"embeddable":true,"href":"https:\/\/www.berrino.vn\/en\/wp-json\/wp\/v2\/media\/2110"}],"wp:attachment":[{"href":"https:\/\/www.berrino.vn\/en\/wp-json\/wp\/v2\/media?parent=1438"}],"wp:term":[{"taxonomy":"product_brand","embeddable":true,"href":"https:\/\/www.berrino.vn\/en\/wp-json\/wp\/v2\/product_brand?post=1438"},{"taxonomy":"product_cat","embeddable":true,"href":"https:\/\/www.berrino.vn\/en\/wp-json\/wp\/v2\/product_cat?post=1438"},{"taxonomy":"product_tag","embeddable":true,"href":"https:\/\/www.berrino.vn\/en\/wp-json\/wp\/v2\/product_tag?post=1438"}],"curies":[{"name":"wp","href":"https:\/\/api.w.org\/{rel}","templated":true}]}}