{"id":1440,"date":"2024-11-16T14:27:02","date_gmt":"2024-11-16T07:27:02","guid":{"rendered":"https:\/\/www.berrino.vn\/?post_type=product&#038;p=1440"},"modified":"2026-02-03T11:37:54","modified_gmt":"2026-02-03T04:37:54","slug":"sinh-to-vai-chai-1000ml","status":"publish","type":"product","link":"https:\/\/www.berrino.vn\/en\/product\/sinh-to-vai-chai-1000ml\/","title":{"rendered":"Lychee Crush"},"content":{"rendered":"<p><strong>Sinh T\u1ed1 V\u1ea3i Berrino<\/strong> mang \u0111\u1ebfn h\u01b0\u01a1ng v\u1ecb ng\u1ecdt ng\u00e0o v\u00e0 thanh m\u00e1t, v\u1edbi m\u00e0u tr\u1eafng d\u1ec5 ch\u1ecbu, l\u00fd t\u01b0\u1edfng \u0111\u1ec3 t\u1ea1o n\u00ean nh\u1eefng m\u00f3n \u0111\u1ed3 u\u1ed1ng v\u00e0 tr\u00e1ng mi\u1ec7ng \u0111\u1eb7c bi\u1ec7t.<\/p>\n<p>S\u1ea3n ph\u1ea9m \u0111\u01b0\u1ee3c ch\u1ebf bi\u1ebfn t\u1eeb v\u1ea3i t\u01b0\u01a1i ngon, gi\u1eef nguy\u00ean h\u01b0\u01a1ng v\u1ecb t\u1ef1 nhi\u00ean v\u00e0 d\u01b0\u1ee1ng ch\u1ea5t, kh\u00f4ng c\u00f3 th\u00eam \u0111\u01b0\u1eddng h\u00f3a h\u1ecdc, an to\u00e0n cho s\u1ee9c kh\u1ecfe.<\/p>\n<p>Sinh t\u1ed1 Berrino s\u1ea3n xu\u1ea5t tr\u00ean d\u00e2y chuy\u1ec1n hi\u1ec7n \u0111\u1ea1i \u0111\u1ea1t ch\u1ee9ng nh\u1eadn qu\u1ed1c t\u1ebf FSSC 22000, \u0111\u1ea3m b\u1ea3o ch\u1ea5t l\u01b0\u1ee3ng v\u01b0\u1ee3t tr\u1ed9i v\u00e0 an to\u00e0n th\u1ef1c ph\u1ea9m, l\u00e0 s\u1ef1 l\u1ef1a ch\u1ecdn h\u00e0ng \u0111\u1ea7u cho c\u00e1c qu\u00e1n c\u00e0 ph\u00ea, nh\u00e0 h\u00e0ng v\u00e0 gia \u0111\u00ecnh.<\/p>","protected":false},"excerpt":{"rendered":"<p>Sinh T\u1ed1 V\u1ea3i Berrino mang \u0111\u1ebfn h\u01b0\u01a1ng v\u1ecb ng\u1ecdt ng\u00e0o v\u00e0 thanh m\u00e1t, v\u1edbi m\u00e0u tr\u1eafng d\u1ec5 ch\u1ecbu, l\u00fd t\u01b0\u1edfng \u0111\u1ec3 t\u1ea1o n\u00ean nh\u1eefng m\u00f3n \u0111\u1ed3 u\u1ed1ng v\u00e0 tr\u00e1ng mi\u1ec7ng \u0111\u1eb7c bi\u1ec7t. S\u1ea3n ph\u1ea9m \u0111\u01b0\u1ee3c ch\u1ebf bi\u1ebfn t\u1eeb v\u1ea3i t\u01b0\u01a1i ngon, gi\u1eef nguy\u00ean h\u01b0\u01a1ng v\u1ecb t\u1ef1 nhi\u00ean v\u00e0 d\u01b0\u1ee1ng ch\u1ea5t, kh\u00f4ng c\u00f3 th\u00eam \u0111\u01b0\u1eddng h\u00f3a&#8230;<\/p>","protected":false},"featured_media":2105,"comment_status":"open","ping_status":"closed","template":"","meta":[],"product_brand":[49],"product_cat":[15,41],"product_tag":[],"class_list":{"0":"post-1440","1":"product","2":"type-product","3":"status-publish","4":"has-post-thumbnail","6":"product_brand-berrino","7":"product_cat-nguyen-lieu-pha-che","8":"product_cat-sinh-to","10":"first","11":"instock","12":"shipping-taxable","13":"product-type-simple"},"acf":[],"_links":{"self":[{"href":"https:\/\/www.berrino.vn\/en\/wp-json\/wp\/v2\/product\/1440","targetHints":{"allow":["GET"]}}],"collection":[{"href":"https:\/\/www.berrino.vn\/en\/wp-json\/wp\/v2\/product"}],"about":[{"href":"https:\/\/www.berrino.vn\/en\/wp-json\/wp\/v2\/types\/product"}],"replies":[{"embeddable":true,"href":"https:\/\/www.berrino.vn\/en\/wp-json\/wp\/v2\/comments?post=1440"}],"wp:featuredmedia":[{"embeddable":true,"href":"https:\/\/www.berrino.vn\/en\/wp-json\/wp\/v2\/media\/2105"}],"wp:attachment":[{"href":"https:\/\/www.berrino.vn\/en\/wp-json\/wp\/v2\/media?parent=1440"}],"wp:term":[{"taxonomy":"product_brand","embeddable":true,"href":"https:\/\/www.berrino.vn\/en\/wp-json\/wp\/v2\/product_brand?post=1440"},{"taxonomy":"product_cat","embeddable":true,"href":"https:\/\/www.berrino.vn\/en\/wp-json\/wp\/v2\/product_cat?post=1440"},{"taxonomy":"product_tag","embeddable":true,"href":"https:\/\/www.berrino.vn\/en\/wp-json\/wp\/v2\/product_tag?post=1440"}],"curies":[{"name":"wp","href":"https:\/\/api.w.org\/{rel}","templated":true}]}}