{"id":1486,"date":"2024-11-22T05:12:13","date_gmt":"2024-11-21T22:12:13","guid":{"rendered":"https:\/\/www.berrino.vn\/?post_type=product&#038;p=1486"},"modified":"2026-02-03T11:34:00","modified_gmt":"2026-02-03T04:34:00","slug":"sinh-to-thom-chai-1000ml","status":"publish","type":"product","link":"https:\/\/www.berrino.vn\/en\/product\/sinh-to-thom-chai-1000ml\/","title":{"rendered":"Pineapple Crush"},"content":{"rendered":"<p><strong>Sinh T\u1ed1 Th\u01a1m Berrino<\/strong> mang \u0111\u1ebfn v\u1ecb ng\u1ecdt ng\u00e0o, th\u01a1m m\u00e1t v\u00e0 m\u00e0u s\u1eafc v\u00e0ng t\u01b0\u01a1i \u0111\u1eb9p m\u1eaft, l\u00fd t\u01b0\u1edfng cho c\u00e1c m\u00f3n \u0111\u1ed3 u\u1ed1ng t\u01b0\u01a1i ngon ho\u1eb7c tr\u00e1ng mi\u1ec7ng.<\/p>\n<p>\u0110\u01b0\u1ee3c ch\u1ebf bi\u1ebfn t\u1eeb qu\u1ea3 th\u01a1m t\u01b0\u01a1i ngon, s\u1ea3n ph\u1ea9m gi\u1eef nguy\u00ean h\u01b0\u01a1ng v\u1ecb t\u1ef1 nhi\u00ean v\u00e0 d\u01b0\u1ee1ng ch\u1ea5t thi\u1ebft y\u1ebfu, kh\u00f4ng ch\u1ee9a \u0111\u01b0\u1eddng h\u00f3a h\u1ecdc, an to\u00e0n cho s\u1ee9c kh\u1ecfe.<\/p>\n<p>Sinh t\u1ed1 Berrino s\u1ea3n xu\u1ea5t tr\u00ean d\u00e2y chuy\u1ec1n hi\u1ec7n \u0111\u1ea1i \u0111\u1ea1t ch\u1ee9ng nh\u1eadn qu\u1ed1c t\u1ebf FSSC 22000, \u0111\u1ea3m b\u1ea3o ch\u1ea5t l\u01b0\u1ee3ng v\u00e0 an to\u00e0n th\u1ef1c ph\u1ea9m tuy\u1ec7t \u0111\u1ed1i, l\u00e0 s\u1ef1 l\u1ef1a ch\u1ecdn l\u00fd t\u01b0\u1edfng cho c\u00e1c qu\u00e1n c\u00e0 ph\u00ea, nh\u00e0 h\u00e0ng v\u00e0 gia \u0111\u00ecnh.<\/p>","protected":false},"excerpt":{"rendered":"<p>Sinh T\u1ed1 Th\u01a1m Berrino mang \u0111\u1ebfn v\u1ecb ng\u1ecdt ng\u00e0o, th\u01a1m m\u00e1t v\u00e0 m\u00e0u s\u1eafc v\u00e0ng t\u01b0\u01a1i \u0111\u1eb9p m\u1eaft, l\u00fd t\u01b0\u1edfng cho c\u00e1c m\u00f3n \u0111\u1ed3 u\u1ed1ng t\u01b0\u01a1i ngon ho\u1eb7c tr\u00e1ng mi\u1ec7ng. \u0110\u01b0\u1ee3c ch\u1ebf bi\u1ebfn t\u1eeb qu\u1ea3 th\u01a1m t\u01b0\u01a1i ngon, s\u1ea3n ph\u1ea9m gi\u1eef nguy\u00ean h\u01b0\u01a1ng v\u1ecb t\u1ef1 nhi\u00ean v\u00e0 d\u01b0\u1ee1ng ch\u1ea5t thi\u1ebft y\u1ebfu, kh\u00f4ng ch\u1ee9a \u0111\u01b0\u1eddng h\u00f3a&#8230;<\/p>","protected":false},"featured_media":2122,"comment_status":"open","ping_status":"closed","template":"","meta":[],"product_brand":[],"product_cat":[15,41],"product_tag":[],"class_list":{"0":"post-1486","1":"product","2":"type-product","3":"status-publish","4":"has-post-thumbnail","6":"product_cat-nguyen-lieu-pha-che","7":"product_cat-sinh-to","9":"first","10":"instock","11":"shipping-taxable","12":"product-type-simple"},"acf":[],"_links":{"self":[{"href":"https:\/\/www.berrino.vn\/en\/wp-json\/wp\/v2\/product\/1486","targetHints":{"allow":["GET"]}}],"collection":[{"href":"https:\/\/www.berrino.vn\/en\/wp-json\/wp\/v2\/product"}],"about":[{"href":"https:\/\/www.berrino.vn\/en\/wp-json\/wp\/v2\/types\/product"}],"replies":[{"embeddable":true,"href":"https:\/\/www.berrino.vn\/en\/wp-json\/wp\/v2\/comments?post=1486"}],"wp:featuredmedia":[{"embeddable":true,"href":"https:\/\/www.berrino.vn\/en\/wp-json\/wp\/v2\/media\/2122"}],"wp:attachment":[{"href":"https:\/\/www.berrino.vn\/en\/wp-json\/wp\/v2\/media?parent=1486"}],"wp:term":[{"taxonomy":"product_brand","embeddable":true,"href":"https:\/\/www.berrino.vn\/en\/wp-json\/wp\/v2\/product_brand?post=1486"},{"taxonomy":"product_cat","embeddable":true,"href":"https:\/\/www.berrino.vn\/en\/wp-json\/wp\/v2\/product_cat?post=1486"},{"taxonomy":"product_tag","embeddable":true,"href":"https:\/\/www.berrino.vn\/en\/wp-json\/wp\/v2\/product_tag?post=1486"}],"curies":[{"name":"wp","href":"https:\/\/api.w.org\/{rel}","templated":true}]}}