{"id":1507,"date":"2024-10-01T05:35:29","date_gmt":"2024-09-30T22:35:29","guid":{"rendered":"https:\/\/www.berrino.vn\/?post_type=product&#038;p=1507"},"modified":"2024-12-03T09:19:36","modified_gmt":"2024-12-03T02:19:36","slug":"sinh-to-kiwi-xo-5kg","status":"publish","type":"product","link":"https:\/\/www.berrino.vn\/en\/product\/sinh-to-kiwi-xo-5kg\/","title":{"rendered":"Kiwi Crush"},"content":{"rendered":"<p><strong>Sinh T\u1ed1 Kiwi Berrino<\/strong> mang \u0111\u1ebfn h\u01b0\u01a1ng v\u1ecb chua ng\u1ecdt t\u01b0\u01a1i m\u00e1t v\u00e0 m\u00e0u xanh \u0111\u1eb7c tr\u01b0ng, l\u00e0 l\u1ef1a ch\u1ecdn ho\u00e0n h\u1ea3o cho c\u00e1c m\u00f3n \u0111\u1ed3 u\u1ed1ng v\u00e0 tr\u00e1ng mi\u1ec7ng s\u00e1ng t\u1ea1o.<\/p>\n<p>Ch\u1ebf bi\u1ebfn t\u1eeb kiwi t\u01b0\u01a1i ngon, s\u1ea3n ph\u1ea9m gi\u1eef nguy\u00ean h\u01b0\u01a1ng v\u1ecb t\u1ef1 nhi\u00ean v\u00e0 d\u01b0\u1ee1ng ch\u1ea5t, kh\u00f4ng ch\u1ee9a \u0111\u01b0\u1eddng h\u00f3a h\u1ecdc, an to\u00e0n cho s\u1ee9c kh\u1ecfe.<\/p>\n<p>Sinh t\u1ed1 Berrino s\u1ea3n xu\u1ea5t tr\u00ean d\u00e2y chuy\u1ec1n hi\u1ec7n \u0111\u1ea1i \u0111\u1ea1t ch\u1ee9ng nh\u1eadn qu\u1ed1c t\u1ebf FSSC 22000, \u0111\u1ea3m b\u1ea3o ch\u1ea5t l\u01b0\u1ee3ng tuy\u1ec7t h\u1ea3o v\u00e0 an to\u00e0n th\u1ef1c ph\u1ea9m, l\u00e0 l\u1ef1a ch\u1ecdn h\u00e0ng \u0111\u1ea7u cho c\u00e1c qu\u00e1n c\u00e0 ph\u00ea, nh\u00e0 h\u00e0ng v\u00e0 gia \u0111\u00ecnh.<\/p>\n<p>V\u1edbi dung t\u00edch l\u1edbn, th\u00f9ng 5kg l\u00e0 l\u1ef1a ch\u1ecdn t\u1ed1i \u01b0u cho c\u00e1c doanh nghi\u1ec7p c\u1ea7n s\u1eed d\u1ee5ng s\u1ed1 l\u01b0\u1ee3ng l\u1edbn nguy\u00ean li\u1ec7u sinh t\u1ed1 m\u00e0 v\u1eabn \u0111\u1ea3m b\u1ea3o ch\u1ea5t l\u01b0\u1ee3ng, gi\u00fap gi\u1ea3m thi\u1ec3u chi ph\u00ed v\u00e0 ti\u1ebft ki\u1ec7m th\u1eddi gian ch\u1ebf bi\u1ebfn.<\/p>","protected":false},"excerpt":{"rendered":"<p>Sinh T\u1ed1 Kiwi Berrino mang \u0111\u1ebfn h\u01b0\u01a1ng v\u1ecb chua ng\u1ecdt t\u01b0\u01a1i m\u00e1t v\u00e0 m\u00e0u xanh \u0111\u1eb7c tr\u01b0ng, l\u00e0 l\u1ef1a ch\u1ecdn ho\u00e0n h\u1ea3o cho c\u00e1c m\u00f3n \u0111\u1ed3 u\u1ed1ng v\u00e0 tr\u00e1ng mi\u1ec7ng s\u00e1ng t\u1ea1o. Ch\u1ebf bi\u1ebfn t\u1eeb kiwi t\u01b0\u01a1i ngon, s\u1ea3n ph\u1ea9m gi\u1eef nguy\u00ean h\u01b0\u01a1ng v\u1ecb t\u1ef1 nhi\u00ean v\u00e0 d\u01b0\u1ee1ng ch\u1ea5t, kh\u00f4ng ch\u1ee9a \u0111\u01b0\u1eddng h\u00f3a h\u1ecdc, an&#8230;<\/p>","protected":false},"featured_media":1607,"comment_status":"open","ping_status":"closed","template":"","meta":[],"product_brand":[],"product_cat":[15,41],"product_tag":[],"class_list":{"0":"post-1507","1":"product","2":"type-product","3":"status-publish","4":"has-post-thumbnail","6":"product_cat-nguyen-lieu-pha-che","7":"product_cat-sinh-to","9":"first","10":"instock","11":"shipping-taxable","12":"product-type-simple"},"acf":[],"_links":{"self":[{"href":"https:\/\/www.berrino.vn\/en\/wp-json\/wp\/v2\/product\/1507","targetHints":{"allow":["GET"]}}],"collection":[{"href":"https:\/\/www.berrino.vn\/en\/wp-json\/wp\/v2\/product"}],"about":[{"href":"https:\/\/www.berrino.vn\/en\/wp-json\/wp\/v2\/types\/product"}],"replies":[{"embeddable":true,"href":"https:\/\/www.berrino.vn\/en\/wp-json\/wp\/v2\/comments?post=1507"}],"wp:featuredmedia":[{"embeddable":true,"href":"https:\/\/www.berrino.vn\/en\/wp-json\/wp\/v2\/media\/1607"}],"wp:attachment":[{"href":"https:\/\/www.berrino.vn\/en\/wp-json\/wp\/v2\/media?parent=1507"}],"wp:term":[{"taxonomy":"product_brand","embeddable":true,"href":"https:\/\/www.berrino.vn\/en\/wp-json\/wp\/v2\/product_brand?post=1507"},{"taxonomy":"product_cat","embeddable":true,"href":"https:\/\/www.berrino.vn\/en\/wp-json\/wp\/v2\/product_cat?post=1507"},{"taxonomy":"product_tag","embeddable":true,"href":"https:\/\/www.berrino.vn\/en\/wp-json\/wp\/v2\/product_tag?post=1507"}],"curies":[{"name":"wp","href":"https:\/\/api.w.org\/{rel}","templated":true}]}}