{"id":1522,"date":"2024-12-02T09:00:06","date_gmt":"2024-12-02T02:00:06","guid":{"rendered":"https:\/\/www.berrino.vn\/?post_type=product&#038;p=1522"},"modified":"2026-02-03T11:23:31","modified_gmt":"2026-02-03T04:23:31","slug":"mut-filling-viet-quat-hu-950gr","status":"publish","type":"product","link":"https:\/\/www.berrino.vn\/en\/product\/mut-filling-viet-quat-hu-950gr\/","title":{"rendered":"Blueberry Filling"},"content":{"rendered":"<p><span data-sheets-root=\"1\">M\u1ee9t nh\u00e2n vi\u1ec7t qu\u1ea5t Berrino \u0111\u01b0\u1ee3c l\u00e0m t\u1eeb nh\u1eefng qu\u1ea3 vi\u1ec7t qu\u1ea5t t\u01b0\u01a1i, m\u1ecdng n\u01b0\u1edbc, gi\u00fap gi\u1eef l\u1ea1i h\u01b0\u01a1ng v\u1ecb t\u1ef1 nhi\u00ean v\u00e0 d\u01b0\u1ee1ng ch\u1ea5t qu\u00fd gi\u00e1. Th\u00edch h\u1ee3p l\u00e0m nh\u00e2n b\u00e1nh, trang tr\u00ed b\u00e1nh mousse, ho\u1eb7c ph\u1ed1i tr\u1ed9n v\u00e0o c\u1ed1t gato. C\u0169ng r\u1ea5t ngon khi \u0103n k\u00e8m v\u1edbi b\u00e1nh m\u00ec, sandwich.<\/span><\/p>\n<p>&nbsp;<\/p>","protected":false},"excerpt":{"rendered":"<p>M\u1ee9t nh\u00e2n vi\u1ec7t qu\u1ea5t Berrino \u0111\u01b0\u1ee3c l\u00e0m t\u1eeb nh\u1eefng qu\u1ea3 vi\u1ec7t qu\u1ea5t t\u01b0\u01a1i, m\u1ecdng n\u01b0\u1edbc, gi\u00fap gi\u1eef l\u1ea1i h\u01b0\u01a1ng v\u1ecb t\u1ef1 nhi\u00ean v\u00e0 d\u01b0\u1ee1ng ch\u1ea5t qu\u00fd gi\u00e1. Th\u00edch h\u1ee3p l\u00e0m nh\u00e2n b\u00e1nh, trang tr\u00ed b\u00e1nh mousse, ho\u1eb7c ph\u1ed1i tr\u1ed9n v\u00e0o c\u1ed1t gato. C\u0169ng r\u1ea5t ngon khi \u0103n k\u00e8m v\u1edbi b\u00e1nh m\u00ec, sandwich. &nbsp;<\/p>","protected":false},"featured_media":2240,"comment_status":"open","ping_status":"closed","template":"","meta":[],"product_brand":[49],"product_cat":[37,43],"product_tag":[],"class_list":{"0":"post-1522","1":"product","2":"type-product","3":"status-publish","4":"has-post-thumbnail","6":"product_brand-berrino","7":"product_cat-nguyen-lieu-lam-banh","8":"product_cat-filling","10":"first","11":"instock","12":"shipping-taxable","13":"product-type-simple"},"acf":[],"_links":{"self":[{"href":"https:\/\/www.berrino.vn\/en\/wp-json\/wp\/v2\/product\/1522","targetHints":{"allow":["GET"]}}],"collection":[{"href":"https:\/\/www.berrino.vn\/en\/wp-json\/wp\/v2\/product"}],"about":[{"href":"https:\/\/www.berrino.vn\/en\/wp-json\/wp\/v2\/types\/product"}],"replies":[{"embeddable":true,"href":"https:\/\/www.berrino.vn\/en\/wp-json\/wp\/v2\/comments?post=1522"}],"wp:featuredmedia":[{"embeddable":true,"href":"https:\/\/www.berrino.vn\/en\/wp-json\/wp\/v2\/media\/2240"}],"wp:attachment":[{"href":"https:\/\/www.berrino.vn\/en\/wp-json\/wp\/v2\/media?parent=1522"}],"wp:term":[{"taxonomy":"product_brand","embeddable":true,"href":"https:\/\/www.berrino.vn\/en\/wp-json\/wp\/v2\/product_brand?post=1522"},{"taxonomy":"product_cat","embeddable":true,"href":"https:\/\/www.berrino.vn\/en\/wp-json\/wp\/v2\/product_cat?post=1522"},{"taxonomy":"product_tag","embeddable":true,"href":"https:\/\/www.berrino.vn\/en\/wp-json\/wp\/v2\/product_tag?post=1522"}],"curies":[{"name":"wp","href":"https:\/\/api.w.org\/{rel}","templated":true}]}}