{"id":1524,"date":"2024-12-02T09:03:16","date_gmt":"2024-12-02T02:03:16","guid":{"rendered":"https:\/\/www.berrino.vn\/?post_type=product&#038;p=1524"},"modified":"2026-02-03T11:22:45","modified_gmt":"2026-02-03T04:22:45","slug":"mut-filling-nho-den-hu-950gr","status":"publish","type":"product","link":"https:\/\/www.berrino.vn\/en\/product\/mut-filling-nho-den-hu-950gr\/","title":{"rendered":"M\u1ee9t filling nho \u0111en"},"content":{"rendered":"<p><span data-sheets-root=\"1\">M\u1ee9t nh\u00e2n nho \u0111en Berrino \u0111\u01b0\u1ee3c ch\u1ebf bi\u1ebfn t\u1eeb nho \u0111en t\u01b0\u01a1i, gi\u1eef nguy\u00ean h\u01b0\u01a1ng v\u1ecb ng\u1ecdt d\u1ecbu v\u00e0 b\u1ed5 d\u01b0\u1ee1ng. Th\u00edch h\u1ee3p l\u00e0m nh\u00e2n b\u00e1nh, trang tr\u00ed b\u00e1nh, ph\u1ed1i tr\u1ed9n v\u00e0o c\u1ed1t gato ho\u1eb7c k\u1ebft h\u1ee3p v\u1edbi b\u00e1nh m\u00ec, sandwich.<\/span><\/p>","protected":false},"excerpt":{"rendered":"<p>M\u1ee9t nh\u00e2n nho \u0111en Berrino \u0111\u01b0\u1ee3c ch\u1ebf bi\u1ebfn t\u1eeb nho \u0111en t\u01b0\u01a1i, gi\u1eef nguy\u00ean h\u01b0\u01a1ng v\u1ecb ng\u1ecdt d\u1ecbu v\u00e0 b\u1ed5 d\u01b0\u1ee1ng. Th\u00edch h\u1ee3p l\u00e0m nh\u00e2n b\u00e1nh, trang tr\u00ed b\u00e1nh, ph\u1ed1i tr\u1ed9n v\u00e0o c\u1ed1t gato ho\u1eb7c k\u1ebft h\u1ee3p v\u1edbi b\u00e1nh m\u00ec, sandwich.<\/p>","protected":false},"featured_media":2239,"comment_status":"open","ping_status":"closed","template":"","meta":[],"product_brand":[],"product_cat":[37,43],"product_tag":[],"class_list":{"0":"post-1524","1":"product","2":"type-product","3":"status-publish","4":"has-post-thumbnail","6":"product_cat-nguyen-lieu-lam-banh","7":"product_cat-filling","9":"first","10":"instock","11":"shipping-taxable","12":"product-type-simple"},"acf":[],"_links":{"self":[{"href":"https:\/\/www.berrino.vn\/en\/wp-json\/wp\/v2\/product\/1524","targetHints":{"allow":["GET"]}}],"collection":[{"href":"https:\/\/www.berrino.vn\/en\/wp-json\/wp\/v2\/product"}],"about":[{"href":"https:\/\/www.berrino.vn\/en\/wp-json\/wp\/v2\/types\/product"}],"replies":[{"embeddable":true,"href":"https:\/\/www.berrino.vn\/en\/wp-json\/wp\/v2\/comments?post=1524"}],"wp:featuredmedia":[{"embeddable":true,"href":"https:\/\/www.berrino.vn\/en\/wp-json\/wp\/v2\/media\/2239"}],"wp:attachment":[{"href":"https:\/\/www.berrino.vn\/en\/wp-json\/wp\/v2\/media?parent=1524"}],"wp:term":[{"taxonomy":"product_brand","embeddable":true,"href":"https:\/\/www.berrino.vn\/en\/wp-json\/wp\/v2\/product_brand?post=1524"},{"taxonomy":"product_cat","embeddable":true,"href":"https:\/\/www.berrino.vn\/en\/wp-json\/wp\/v2\/product_cat?post=1524"},{"taxonomy":"product_tag","embeddable":true,"href":"https:\/\/www.berrino.vn\/en\/wp-json\/wp\/v2\/product_tag?post=1524"}],"curies":[{"name":"wp","href":"https:\/\/api.w.org\/{rel}","templated":true}]}}