{"id":1528,"date":"2024-12-02T09:08:13","date_gmt":"2024-12-02T02:08:13","guid":{"rendered":"https:\/\/www.berrino.vn\/?post_type=product&#038;p=1528"},"modified":"2026-02-03T10:28:23","modified_gmt":"2026-02-03T03:28:23","slug":"mut-filling-kiwi-hu-950gr","status":"publish","type":"product","link":"https:\/\/www.berrino.vn\/en\/product\/mut-filling-kiwi-hu-950gr\/","title":{"rendered":"Kiwi Filling"},"content":{"rendered":"<p><span data-sheets-root=\"1\">M\u1ee9t nh\u00e2n kiwi Berrino \u0111\u01b0\u1ee3c ch\u1ebf bi\u1ebfn t\u1eeb nh\u1eefng qu\u1ea3 kiwi t\u01b0\u01a1i, m\u1ecdng n\u01b0\u1edbc, gi\u1eef l\u1ea1i h\u01b0\u01a1ng v\u1ecb chua ng\u1ecdt t\u1ef1 nhi\u00ean v\u00e0 c\u00e1c d\u01b0\u1ee1ng ch\u1ea5t qu\u00fd gi\u00e1. Ph\u00f9 h\u1ee3p l\u00e0m nh\u00e2n b\u00e1nh mousse, trang tr\u00ed b\u00e1nh, ph\u1ed1i tr\u1ed9n v\u00e0o c\u1ed1t gato, ho\u1eb7c k\u1ebft h\u1ee3p v\u1edbi b\u00e1nh m\u00ec v\u00e0 sandwich.<br \/>\n<\/span><\/p>","protected":false},"excerpt":{"rendered":"<p>M\u1ee9t nh\u00e2n kiwi Berrino \u0111\u01b0\u1ee3c ch\u1ebf bi\u1ebfn t\u1eeb nh\u1eefng qu\u1ea3 kiwi t\u01b0\u01a1i, m\u1ecdng n\u01b0\u1edbc, gi\u1eef l\u1ea1i h\u01b0\u01a1ng v\u1ecb chua ng\u1ecdt t\u1ef1 nhi\u00ean v\u00e0 c\u00e1c d\u01b0\u1ee1ng ch\u1ea5t qu\u00fd gi\u00e1. Ph\u00f9 h\u1ee3p l\u00e0m nh\u00e2n b\u00e1nh mousse, trang tr\u00ed b\u00e1nh, ph\u1ed1i tr\u1ed9n v\u00e0o c\u1ed1t gato, ho\u1eb7c k\u1ebft h\u1ee3p v\u1edbi b\u00e1nh m\u00ec v\u00e0 sandwich.<\/p>","protected":false},"featured_media":2237,"comment_status":"open","ping_status":"closed","template":"","meta":[],"product_brand":[49],"product_cat":[37,43],"product_tag":[],"class_list":{"0":"post-1528","1":"product","2":"type-product","3":"status-publish","4":"has-post-thumbnail","6":"product_brand-berrino","7":"product_cat-nguyen-lieu-lam-banh","8":"product_cat-filling","10":"first","11":"instock","12":"shipping-taxable","13":"product-type-simple"},"acf":[],"_links":{"self":[{"href":"https:\/\/www.berrino.vn\/en\/wp-json\/wp\/v2\/product\/1528","targetHints":{"allow":["GET"]}}],"collection":[{"href":"https:\/\/www.berrino.vn\/en\/wp-json\/wp\/v2\/product"}],"about":[{"href":"https:\/\/www.berrino.vn\/en\/wp-json\/wp\/v2\/types\/product"}],"replies":[{"embeddable":true,"href":"https:\/\/www.berrino.vn\/en\/wp-json\/wp\/v2\/comments?post=1528"}],"wp:featuredmedia":[{"embeddable":true,"href":"https:\/\/www.berrino.vn\/en\/wp-json\/wp\/v2\/media\/2237"}],"wp:attachment":[{"href":"https:\/\/www.berrino.vn\/en\/wp-json\/wp\/v2\/media?parent=1528"}],"wp:term":[{"taxonomy":"product_brand","embeddable":true,"href":"https:\/\/www.berrino.vn\/en\/wp-json\/wp\/v2\/product_brand?post=1528"},{"taxonomy":"product_cat","embeddable":true,"href":"https:\/\/www.berrino.vn\/en\/wp-json\/wp\/v2\/product_cat?post=1528"},{"taxonomy":"product_tag","embeddable":true,"href":"https:\/\/www.berrino.vn\/en\/wp-json\/wp\/v2\/product_tag?post=1528"}],"curies":[{"name":"wp","href":"https:\/\/api.w.org\/{rel}","templated":true}]}}