{"id":1538,"date":"2024-12-02T09:26:23","date_gmt":"2024-12-02T02:26:23","guid":{"rendered":"https:\/\/www.berrino.vn\/?post_type=product&#038;p=1538"},"modified":"2026-02-03T11:17:18","modified_gmt":"2026-02-03T04:17:18","slug":"mut-filling-phuc-bon-tu-hu-950gr","status":"publish","type":"product","link":"https:\/\/www.berrino.vn\/en\/product\/mut-filling-phuc-bon-tu-hu-950gr\/","title":{"rendered":"Raspberry Filling"},"content":{"rendered":"<p><span data-sheets-root=\"1\">M\u1ee9t nh\u00e2n ph\u00fac b\u1ed3n t\u1eed Berrino \u0111\u01b0\u1ee3c ch\u1ebf bi\u1ebfn t\u1eeb ph\u00fac b\u1ed3n t\u1eed t\u01b0\u01a1i ngon, gi\u1eef tr\u1ecdn h\u01b0\u01a1ng v\u1ecb chua ng\u1ecdt \u0111\u1eb7c tr\u01b0ng v\u00e0 c\u00e1c d\u01b0\u1ee1ng ch\u1ea5t qu\u00fd gi\u00e1. Th\u00edch h\u1ee3p l\u00e0m nh\u00e2n b\u00e1nh mousse, trang tr\u00ed b\u00e1nh, ph\u1ed1i tr\u1ed9n v\u00e0o c\u1ed1t gato, ho\u1eb7c \u0103n k\u00e8m v\u1edbi b\u00e1nh m\u00ec v\u00e0 sandwich.<br \/>\n<\/span><\/p>","protected":false},"excerpt":{"rendered":"<p>M\u1ee9t nh\u00e2n ph\u00fac b\u1ed3n t\u1eed Berrino \u0111\u01b0\u1ee3c ch\u1ebf bi\u1ebfn t\u1eeb ph\u00fac b\u1ed3n t\u1eed t\u01b0\u01a1i ngon, gi\u1eef tr\u1ecdn h\u01b0\u01a1ng v\u1ecb chua ng\u1ecdt \u0111\u1eb7c tr\u01b0ng v\u00e0 c\u00e1c d\u01b0\u1ee1ng ch\u1ea5t qu\u00fd gi\u00e1. Th\u00edch h\u1ee3p l\u00e0m nh\u00e2n b\u00e1nh mousse, trang tr\u00ed b\u00e1nh, ph\u1ed1i tr\u1ed9n v\u00e0o c\u1ed1t gato, ho\u1eb7c \u0103n k\u00e8m v\u1edbi b\u00e1nh m\u00ec v\u00e0 sandwich.<\/p>","protected":false},"featured_media":2231,"comment_status":"open","ping_status":"closed","template":"","meta":[],"product_brand":[],"product_cat":[43,37],"product_tag":[],"class_list":{"0":"post-1538","1":"product","2":"type-product","3":"status-publish","4":"has-post-thumbnail","6":"product_cat-filling","7":"product_cat-nguyen-lieu-lam-banh","9":"first","10":"instock","11":"shipping-taxable","12":"product-type-simple"},"acf":[],"_links":{"self":[{"href":"https:\/\/www.berrino.vn\/en\/wp-json\/wp\/v2\/product\/1538","targetHints":{"allow":["GET"]}}],"collection":[{"href":"https:\/\/www.berrino.vn\/en\/wp-json\/wp\/v2\/product"}],"about":[{"href":"https:\/\/www.berrino.vn\/en\/wp-json\/wp\/v2\/types\/product"}],"replies":[{"embeddable":true,"href":"https:\/\/www.berrino.vn\/en\/wp-json\/wp\/v2\/comments?post=1538"}],"wp:featuredmedia":[{"embeddable":true,"href":"https:\/\/www.berrino.vn\/en\/wp-json\/wp\/v2\/media\/2231"}],"wp:attachment":[{"href":"https:\/\/www.berrino.vn\/en\/wp-json\/wp\/v2\/media?parent=1538"}],"wp:term":[{"taxonomy":"product_brand","embeddable":true,"href":"https:\/\/www.berrino.vn\/en\/wp-json\/wp\/v2\/product_brand?post=1538"},{"taxonomy":"product_cat","embeddable":true,"href":"https:\/\/www.berrino.vn\/en\/wp-json\/wp\/v2\/product_cat?post=1538"},{"taxonomy":"product_tag","embeddable":true,"href":"https:\/\/www.berrino.vn\/en\/wp-json\/wp\/v2\/product_tag?post=1538"}],"curies":[{"name":"wp","href":"https:\/\/api.w.org\/{rel}","templated":true}]}}