{"id":1546,"date":"2024-11-28T09:36:53","date_gmt":"2024-11-28T02:36:53","guid":{"rendered":"https:\/\/www.berrino.vn\/?post_type=product&#038;p=1546"},"modified":"2026-01-09T15:55:07","modified_gmt":"2026-01-09T08:55:07","slug":"mut-topping-dua-950gr","status":"publish","type":"product","link":"https:\/\/www.berrino.vn\/en\/product\/mut-topping-dua-950gr\/","title":{"rendered":"Pineapple Topping"},"content":{"rendered":"<p><span data-sheets-root=\"1\">M\u00e0u v\u00e0ng t\u01b0\u01a1i s\u00e1ng, l\u00fd t\u01b0\u1edfng cho trang tr\u00ed b\u00e1nh v\u00e0 th\u1ee9c u\u1ed1ng th\u00eam ph\u1ea7n h\u1ea5p d\u1eabn.<br \/>\n\u0110\u1ed9 s\u00e1nh v\u1eeba ph\u1ea3i, d\u1ec5 d\u00e0ng thao t\u00e1c khi trang tr\u00ed b\u00e1nh ho\u1eb7c pha ch\u1ebf \u0111\u1ed3 u\u1ed1ng.<br \/>\nC\u1ea5u tr\u00fac m\u01b0\u1ee3t m\u00e0 v\u00e0 b\u00f3ng b\u1ea9y, gi\u00fap vi\u1ec7c c\u1eaft b\u00e1nh d\u1ec5 d\u00e0ng, kh\u00f4ng g\u1eb7p t\u00ecnh tr\u1ea1ng m\u1ee9t v\u01b0\u1edbng hay dai, b\u1ea3o qu\u1ea3n hi\u1ec7u qu\u1ea3 trong t\u1ee7 m\u00e1t.<br \/>\nH\u01b0\u01a1ng v\u1ecb d\u1ee9a t\u1ef1 nhi\u00ean, t\u01b0\u01a1i m\u00e1t, mang l\u1ea1i c\u1ea3m gi\u00e1c d\u1ec5 ch\u1ecbu khi th\u01b0\u1edfng th\u1ee9c.<br \/>\nCh\u1ea5t l\u01b0\u1ee3ng \u1ed5n \u0111\u1ecbnh, b\u1ec1n l\u00e2u khi s\u1eed d\u1ee5ng \u0111\u1ec3 ph\u1ee7 kem ho\u1eb7c trang tr\u00ed c\u00e1c m\u00f3n tr\u00e1ng mi\u1ec7ng.<br \/>\nS\u1ea3n ph\u1ea9m \u0111\u1ea1t ch\u1ee9ng nh\u1eadn qu\u1ed1c t\u1ebf v\u1ec1 v\u1ec7 sinh an to\u00e0n th\u1ef1c ph\u1ea9m, bao g\u1ed3m HALAL, FSSC 22000 v\u00e0 HACCP.<\/span><\/p>","protected":false},"excerpt":{"rendered":"<p>M\u00e0u v\u00e0ng t\u01b0\u01a1i s\u00e1ng, l\u00fd t\u01b0\u1edfng cho trang tr\u00ed b\u00e1nh v\u00e0 th\u1ee9c u\u1ed1ng th\u00eam ph\u1ea7n h\u1ea5p d\u1eabn. \u0110\u1ed9 s\u00e1nh v\u1eeba ph\u1ea3i, d\u1ec5 d\u00e0ng thao t\u00e1c khi trang tr\u00ed b\u00e1nh ho\u1eb7c pha ch\u1ebf \u0111\u1ed3 u\u1ed1ng. C\u1ea5u tr\u00fac m\u01b0\u1ee3t m\u00e0 v\u00e0 b\u00f3ng b\u1ea9y, gi\u00fap vi\u1ec7c c\u1eaft b\u00e1nh d\u1ec5 d\u00e0ng, kh\u00f4ng g\u1eb7p t\u00ecnh tr\u1ea1ng m\u1ee9t v\u01b0\u1edbng hay dai,&#8230;<\/p>","protected":false},"featured_media":2245,"comment_status":"open","ping_status":"closed","template":"","meta":[],"product_brand":[],"product_cat":[37,44],"product_tag":[],"class_list":{"0":"post-1546","1":"product","2":"type-product","3":"status-publish","4":"has-post-thumbnail","6":"product_cat-nguyen-lieu-lam-banh","7":"product_cat-topping","9":"first","10":"instock","11":"shipping-taxable","12":"product-type-simple"},"acf":[],"_links":{"self":[{"href":"https:\/\/www.berrino.vn\/en\/wp-json\/wp\/v2\/product\/1546","targetHints":{"allow":["GET"]}}],"collection":[{"href":"https:\/\/www.berrino.vn\/en\/wp-json\/wp\/v2\/product"}],"about":[{"href":"https:\/\/www.berrino.vn\/en\/wp-json\/wp\/v2\/types\/product"}],"replies":[{"embeddable":true,"href":"https:\/\/www.berrino.vn\/en\/wp-json\/wp\/v2\/comments?post=1546"}],"wp:featuredmedia":[{"embeddable":true,"href":"https:\/\/www.berrino.vn\/en\/wp-json\/wp\/v2\/media\/2245"}],"wp:attachment":[{"href":"https:\/\/www.berrino.vn\/en\/wp-json\/wp\/v2\/media?parent=1546"}],"wp:term":[{"taxonomy":"product_brand","embeddable":true,"href":"https:\/\/www.berrino.vn\/en\/wp-json\/wp\/v2\/product_brand?post=1546"},{"taxonomy":"product_cat","embeddable":true,"href":"https:\/\/www.berrino.vn\/en\/wp-json\/wp\/v2\/product_cat?post=1546"},{"taxonomy":"product_tag","embeddable":true,"href":"https:\/\/www.berrino.vn\/en\/wp-json\/wp\/v2\/product_tag?post=1546"}],"curies":[{"name":"wp","href":"https:\/\/api.w.org\/{rel}","templated":true}]}}