{"id":1565,"date":"2024-10-28T10:26:53","date_gmt":"2024-10-28T03:26:53","guid":{"rendered":"https:\/\/www.berrino.vn\/?post_type=product&#038;p=1565"},"modified":"2024-12-03T09:22:02","modified_gmt":"2024-12-03T02:22:02","slug":"mut-filling-kiwi-xo-5kg","status":"publish","type":"product","link":"https:\/\/www.berrino.vn\/en\/product\/mut-filling-kiwi-xo-5kg\/","title":{"rendered":"Kiwi Filling"},"content":{"rendered":"<p><span data-sheets-root=\"1\">M\u1ee9t nh\u00e2n kiwi Berrino mang \u0111\u1ebfn h\u01b0\u01a1ng v\u1ecb chua ng\u1ecdt \u0111\u1ed9c \u0111\u00e1o t\u1eeb nh\u1eefng qu\u1ea3 kiwi t\u01b0\u01a1i, m\u1ecdng n\u01b0\u1edbc, gi\u00fap gi\u1eef tr\u1ecdn d\u01b0\u1ee1ng ch\u1ea5t v\u00e0 h\u01b0\u01a1ng v\u1ecb t\u1ef1 nhi\u00ean. L\u00fd t\u01b0\u1edfng l\u00e0m nh\u00e2n b\u00e1nh mousse, trang tr\u00ed b\u00e1nh, ho\u1eb7c ph\u1ed1i tr\u1ed9n v\u00e0o c\u1ed1t gato. C\u0169ng ngon khi \u0103n k\u00e8m v\u1edbi b\u00e1nh m\u00ec ho\u1eb7c sandwich.<\/span><\/p>","protected":false},"excerpt":{"rendered":"<p>M\u1ee9t nh\u00e2n kiwi Berrino mang \u0111\u1ebfn h\u01b0\u01a1ng v\u1ecb chua ng\u1ecdt \u0111\u1ed9c \u0111\u00e1o t\u1eeb nh\u1eefng qu\u1ea3 kiwi t\u01b0\u01a1i, m\u1ecdng n\u01b0\u1edbc, gi\u00fap gi\u1eef tr\u1ecdn d\u01b0\u1ee1ng ch\u1ea5t v\u00e0 h\u01b0\u01a1ng v\u1ecb t\u1ef1 nhi\u00ean. L\u00fd t\u01b0\u1edfng l\u00e0m nh\u00e2n b\u00e1nh mousse, trang tr\u00ed b\u00e1nh, ho\u1eb7c ph\u1ed1i tr\u1ed9n v\u00e0o c\u1ed1t gato. C\u0169ng ngon khi \u0103n k\u00e8m v\u1edbi b\u00e1nh m\u00ec ho\u1eb7c sandwich.<\/p>","protected":false},"featured_media":1633,"comment_status":"open","ping_status":"closed","template":"","meta":[],"product_brand":[],"product_cat":[37,43],"product_tag":[],"class_list":{"0":"post-1565","1":"product","2":"type-product","3":"status-publish","4":"has-post-thumbnail","6":"product_cat-nguyen-lieu-lam-banh","7":"product_cat-filling","9":"first","10":"instock","11":"shipping-taxable","12":"product-type-simple"},"acf":[],"_links":{"self":[{"href":"https:\/\/www.berrino.vn\/en\/wp-json\/wp\/v2\/product\/1565","targetHints":{"allow":["GET"]}}],"collection":[{"href":"https:\/\/www.berrino.vn\/en\/wp-json\/wp\/v2\/product"}],"about":[{"href":"https:\/\/www.berrino.vn\/en\/wp-json\/wp\/v2\/types\/product"}],"replies":[{"embeddable":true,"href":"https:\/\/www.berrino.vn\/en\/wp-json\/wp\/v2\/comments?post=1565"}],"wp:featuredmedia":[{"embeddable":true,"href":"https:\/\/www.berrino.vn\/en\/wp-json\/wp\/v2\/media\/1633"}],"wp:attachment":[{"href":"https:\/\/www.berrino.vn\/en\/wp-json\/wp\/v2\/media?parent=1565"}],"wp:term":[{"taxonomy":"product_brand","embeddable":true,"href":"https:\/\/www.berrino.vn\/en\/wp-json\/wp\/v2\/product_brand?post=1565"},{"taxonomy":"product_cat","embeddable":true,"href":"https:\/\/www.berrino.vn\/en\/wp-json\/wp\/v2\/product_cat?post=1565"},{"taxonomy":"product_tag","embeddable":true,"href":"https:\/\/www.berrino.vn\/en\/wp-json\/wp\/v2\/product_tag?post=1565"}],"curies":[{"name":"wp","href":"https:\/\/api.w.org\/{rel}","templated":true}]}}