{"id":1567,"date":"2024-10-28T10:29:00","date_gmt":"2024-10-28T03:29:00","guid":{"rendered":"https:\/\/www.berrino.vn\/?post_type=product&#038;p=1567"},"modified":"2024-12-03T09:22:24","modified_gmt":"2024-12-03T02:22:24","slug":"mut-filling-dao-xo-5kg","status":"publish","type":"product","link":"https:\/\/www.berrino.vn\/en\/product\/mut-filling-dao-xo-5kg\/","title":{"rendered":"Peach Filling"},"content":{"rendered":"<p><span data-sheets-root=\"1\">M\u1ee9t nh\u00e2n \u0111\u00e0o Berrino \u0111\u01b0\u1ee3c ch\u1ebf bi\u1ebfn t\u1eeb \u0111\u00e0o t\u01b0\u01a1i ngon, m\u1ecdng n\u01b0\u1edbc, gi\u1eef l\u1ea1i h\u01b0\u01a1ng v\u1ecb ng\u1ecdt ng\u00e0o v\u00e0 d\u01b0\u1ee1ng ch\u1ea5t t\u1ef1 nhi\u00ean. Ph\u00f9 h\u1ee3p l\u00e0m nh\u00e2n b\u00e1nh mousse, trang tr\u00ed b\u00e1nh, ho\u1eb7c ph\u1ed1i tr\u1ed9n v\u00e0o c\u1ed1t gato. Ngon mi\u1ec7ng khi \u0103n k\u00e8m v\u1edbi b\u00e1nh m\u00ec ho\u1eb7c sandwich.<\/span><\/p>","protected":false},"excerpt":{"rendered":"<p>M\u1ee9t nh\u00e2n \u0111\u00e0o Berrino \u0111\u01b0\u1ee3c ch\u1ebf bi\u1ebfn t\u1eeb \u0111\u00e0o t\u01b0\u01a1i ngon, m\u1ecdng n\u01b0\u1edbc, gi\u1eef l\u1ea1i h\u01b0\u01a1ng v\u1ecb ng\u1ecdt ng\u00e0o v\u00e0 d\u01b0\u1ee1ng ch\u1ea5t t\u1ef1 nhi\u00ean. Ph\u00f9 h\u1ee3p l\u00e0m nh\u00e2n b\u00e1nh mousse, trang tr\u00ed b\u00e1nh, ho\u1eb7c ph\u1ed1i tr\u1ed9n v\u00e0o c\u1ed1t gato. Ngon mi\u1ec7ng khi \u0103n k\u00e8m v\u1edbi b\u00e1nh m\u00ec ho\u1eb7c sandwich.<\/p>","protected":false},"featured_media":1629,"comment_status":"open","ping_status":"closed","template":"","meta":[],"product_brand":[],"product_cat":[37,43],"product_tag":[],"class_list":{"0":"post-1567","1":"product","2":"type-product","3":"status-publish","4":"has-post-thumbnail","6":"product_cat-nguyen-lieu-lam-banh","7":"product_cat-filling","9":"first","10":"instock","11":"shipping-taxable","12":"product-type-simple"},"acf":[],"_links":{"self":[{"href":"https:\/\/www.berrino.vn\/en\/wp-json\/wp\/v2\/product\/1567","targetHints":{"allow":["GET"]}}],"collection":[{"href":"https:\/\/www.berrino.vn\/en\/wp-json\/wp\/v2\/product"}],"about":[{"href":"https:\/\/www.berrino.vn\/en\/wp-json\/wp\/v2\/types\/product"}],"replies":[{"embeddable":true,"href":"https:\/\/www.berrino.vn\/en\/wp-json\/wp\/v2\/comments?post=1567"}],"wp:featuredmedia":[{"embeddable":true,"href":"https:\/\/www.berrino.vn\/en\/wp-json\/wp\/v2\/media\/1629"}],"wp:attachment":[{"href":"https:\/\/www.berrino.vn\/en\/wp-json\/wp\/v2\/media?parent=1567"}],"wp:term":[{"taxonomy":"product_brand","embeddable":true,"href":"https:\/\/www.berrino.vn\/en\/wp-json\/wp\/v2\/product_brand?post=1567"},{"taxonomy":"product_cat","embeddable":true,"href":"https:\/\/www.berrino.vn\/en\/wp-json\/wp\/v2\/product_cat?post=1567"},{"taxonomy":"product_tag","embeddable":true,"href":"https:\/\/www.berrino.vn\/en\/wp-json\/wp\/v2\/product_tag?post=1567"}],"curies":[{"name":"wp","href":"https:\/\/api.w.org\/{rel}","templated":true}]}}