{"id":2125,"date":"2025-05-07T09:32:07","date_gmt":"2025-05-07T02:32:07","guid":{"rendered":"https:\/\/www.berrino.vn\/?post_type=product&#038;p=2125"},"modified":"2026-02-03T11:45:23","modified_gmt":"2026-02-03T04:45:23","slug":"syrup-chanh-day","status":"publish","type":"product","link":"https:\/\/www.berrino.vn\/en\/product\/syrup-chanh-day\/","title":{"rendered":"Passion Fruit Syrup"},"content":{"rendered":"<p>Syrup Chanh D\u00e2y Berrino s\u1eed d\u1ee5ng c\u1ed1t chanh d\u00e2y c\u00f4 \u0111\u1eb7c, mang \u0111\u1ebfn h\u01b0\u01a1ng v\u1ecb chua thanh t\u1ef1 nhi\u00ean, g\u1ea7n g\u0169i v\u1edbi v\u1ecb tr\u00e1i c\u00e2y th\u1eadt. S\u1ea3n ph\u1ea9m \u0111\u01b0\u1ee3c s\u1ea3n xu\u1ea5t tr\u00ean d\u00e2y chuy\u1ec1n hi\u1ec7n \u0111\u1ea1i \u0111\u1ea1t ch\u1ee9ng nh\u1eadn qu\u1ed1c t\u1ebf FSSC 22000, \u0111\u1ea3m b\u1ea3o an to\u00e0n v\u00e0 ch\u1ea5t l\u01b0\u1ee3ng cao.<\/p>","protected":false},"excerpt":{"rendered":"<p>Syrup Chanh D\u00e2y Berrino s\u1eed d\u1ee5ng c\u1ed1t chanh d\u00e2y c\u00f4 \u0111\u1eb7c, mang \u0111\u1ebfn h\u01b0\u01a1ng v\u1ecb chua thanh t\u1ef1 nhi\u00ean, g\u1ea7n g\u0169i v\u1edbi v\u1ecb tr\u00e1i c\u00e2y th\u1eadt. S\u1ea3n ph\u1ea9m \u0111\u01b0\u1ee3c s\u1ea3n xu\u1ea5t tr\u00ean d\u00e2y chuy\u1ec1n hi\u1ec7n \u0111\u1ea1i \u0111\u1ea1t ch\u1ee9ng nh\u1eadn qu\u1ed1c t\u1ebf FSSC 22000, \u0111\u1ea3m b\u1ea3o an to\u00e0n v\u00e0 ch\u1ea5t l\u01b0\u1ee3ng cao.<\/p>","protected":false},"featured_media":2127,"comment_status":"open","ping_status":"closed","template":"","meta":[],"product_brand":[],"product_cat":[15,42],"product_tag":[],"class_list":{"0":"post-2125","1":"product","2":"type-product","3":"status-publish","4":"has-post-thumbnail","6":"product_cat-nguyen-lieu-pha-che","7":"product_cat-syrup","9":"first","10":"instock","11":"shipping-taxable","12":"product-type-simple"},"acf":[],"_links":{"self":[{"href":"https:\/\/www.berrino.vn\/en\/wp-json\/wp\/v2\/product\/2125","targetHints":{"allow":["GET"]}}],"collection":[{"href":"https:\/\/www.berrino.vn\/en\/wp-json\/wp\/v2\/product"}],"about":[{"href":"https:\/\/www.berrino.vn\/en\/wp-json\/wp\/v2\/types\/product"}],"replies":[{"embeddable":true,"href":"https:\/\/www.berrino.vn\/en\/wp-json\/wp\/v2\/comments?post=2125"}],"wp:featuredmedia":[{"embeddable":true,"href":"https:\/\/www.berrino.vn\/en\/wp-json\/wp\/v2\/media\/2127"}],"wp:attachment":[{"href":"https:\/\/www.berrino.vn\/en\/wp-json\/wp\/v2\/media?parent=2125"}],"wp:term":[{"taxonomy":"product_brand","embeddable":true,"href":"https:\/\/www.berrino.vn\/en\/wp-json\/wp\/v2\/product_brand?post=2125"},{"taxonomy":"product_cat","embeddable":true,"href":"https:\/\/www.berrino.vn\/en\/wp-json\/wp\/v2\/product_cat?post=2125"},{"taxonomy":"product_tag","embeddable":true,"href":"https:\/\/www.berrino.vn\/en\/wp-json\/wp\/v2\/product_tag?post=2125"}],"curies":[{"name":"wp","href":"https:\/\/api.w.org\/{rel}","templated":true}]}}