{"id":2138,"date":"2025-05-07T09:47:08","date_gmt":"2025-05-07T02:47:08","guid":{"rendered":"https:\/\/www.berrino.vn\/?post_type=product&#038;p=2138"},"modified":"2026-02-03T11:43:26","modified_gmt":"2026-02-03T04:43:26","slug":"syrup-dau","status":"publish","type":"product","link":"https:\/\/www.berrino.vn\/en\/product\/syrup-dau\/","title":{"rendered":"Strawberry Syrup"},"content":{"rendered":"<p>T\u1eeb c\u1ed1t d\u00e2u t\u00e2y c\u00f4 \u0111\u1eb7c, Syrup D\u00e2u Berrino mang l\u1ea1i v\u1ecb chua ng\u1ecdt t\u1ef1 nhi\u00ean v\u00e0 h\u01b0\u01a1ng th\u01a1m t\u01b0\u01a1i m\u1edbi. S\u1ea3n ph\u1ea9m \u0111\u1ea1t ch\u1ee9ng nh\u1eadn FSSC 22000, \u0111\u1ea3m b\u1ea3o quy tr\u00ecnh s\u1ea3n xu\u1ea5t an to\u00e0n v\u00e0 ch\u1ea5t l\u01b0\u1ee3ng \u1ed5n \u0111\u1ecbnh.<\/p>","protected":false},"excerpt":{"rendered":"<p>T\u1eeb c\u1ed1t d\u00e2u t\u00e2y c\u00f4 \u0111\u1eb7c, Syrup D\u00e2u Berrino mang l\u1ea1i v\u1ecb chua ng\u1ecdt t\u1ef1 nhi\u00ean v\u00e0 h\u01b0\u01a1ng th\u01a1m t\u01b0\u01a1i m\u1edbi. S\u1ea3n ph\u1ea9m \u0111\u1ea1t ch\u1ee9ng nh\u1eadn FSSC 22000, \u0111\u1ea3m b\u1ea3o quy tr\u00ecnh s\u1ea3n xu\u1ea5t an to\u00e0n v\u00e0 ch\u1ea5t l\u01b0\u1ee3ng \u1ed5n \u0111\u1ecbnh.<\/p>","protected":false},"featured_media":2133,"comment_status":"open","ping_status":"closed","template":"","meta":[],"product_brand":[49],"product_cat":[15,42],"product_tag":[],"class_list":{"0":"post-2138","1":"product","2":"type-product","3":"status-publish","4":"has-post-thumbnail","6":"product_brand-berrino","7":"product_cat-nguyen-lieu-pha-che","8":"product_cat-syrup","10":"first","11":"instock","12":"shipping-taxable","13":"product-type-simple"},"acf":[],"_links":{"self":[{"href":"https:\/\/www.berrino.vn\/en\/wp-json\/wp\/v2\/product\/2138","targetHints":{"allow":["GET"]}}],"collection":[{"href":"https:\/\/www.berrino.vn\/en\/wp-json\/wp\/v2\/product"}],"about":[{"href":"https:\/\/www.berrino.vn\/en\/wp-json\/wp\/v2\/types\/product"}],"replies":[{"embeddable":true,"href":"https:\/\/www.berrino.vn\/en\/wp-json\/wp\/v2\/comments?post=2138"}],"wp:featuredmedia":[{"embeddable":true,"href":"https:\/\/www.berrino.vn\/en\/wp-json\/wp\/v2\/media\/2133"}],"wp:attachment":[{"href":"https:\/\/www.berrino.vn\/en\/wp-json\/wp\/v2\/media?parent=2138"}],"wp:term":[{"taxonomy":"product_brand","embeddable":true,"href":"https:\/\/www.berrino.vn\/en\/wp-json\/wp\/v2\/product_brand?post=2138"},{"taxonomy":"product_cat","embeddable":true,"href":"https:\/\/www.berrino.vn\/en\/wp-json\/wp\/v2\/product_cat?post=2138"},{"taxonomy":"product_tag","embeddable":true,"href":"https:\/\/www.berrino.vn\/en\/wp-json\/wp\/v2\/product_tag?post=2138"}],"curies":[{"name":"wp","href":"https:\/\/api.w.org\/{rel}","templated":true}]}}