{"id":2143,"date":"2025-05-07T09:59:46","date_gmt":"2025-05-07T02:59:46","guid":{"rendered":"https:\/\/www.berrino.vn\/?post_type=product&#038;p=2143"},"modified":"2026-02-03T11:40:09","modified_gmt":"2026-02-03T04:40:09","slug":"syrup-xoai","status":"publish","type":"product","link":"https:\/\/www.berrino.vn\/en\/product\/syrup-xoai\/","title":{"rendered":"Syrup Xo\u00e0i"},"content":{"rendered":"<p>V\u1edbi th\u00e0nh ph\u1ea7n c\u1ed1t xo\u00e0i c\u00f4 \u0111\u1eb7c, Syrup Xo\u00e0i Berrino gi\u1eef nguy\u00ean v\u1ecb ng\u1ecdt \u0111\u1eadm \u0111\u00e0 v\u00e0 s\u1eafc v\u00e0ng t\u1ef1 nhi\u00ean c\u1ee7a xo\u00e0i ch\u00edn. S\u1ea3n ph\u1ea9m tu\u00e2n th\u1ee7 quy tr\u00ecnh s\u1ea3n xu\u1ea5t \u0111\u1ea1t ch\u1ee9ng nh\u1eadn FSSC 22000, \u0111\u1ea3m b\u1ea3o ch\u1ea5t l\u01b0\u1ee3ng v\u00e0 an to\u00e0n.<\/p>","protected":false},"excerpt":{"rendered":"<p>V\u1edbi th\u00e0nh ph\u1ea7n c\u1ed1t xo\u00e0i c\u00f4 \u0111\u1eb7c, Syrup Xo\u00e0i Berrino gi\u1eef nguy\u00ean v\u1ecb ng\u1ecdt \u0111\u1eadm \u0111\u00e0 v\u00e0 s\u1eafc v\u00e0ng t\u1ef1 nhi\u00ean c\u1ee7a xo\u00e0i ch\u00edn. S\u1ea3n ph\u1ea9m tu\u00e2n th\u1ee7 quy tr\u00ecnh s\u1ea3n xu\u1ea5t \u0111\u1ea1t ch\u1ee9ng nh\u1eadn FSSC 22000, \u0111\u1ea3m b\u1ea3o ch\u1ea5t l\u01b0\u1ee3ng v\u00e0 an to\u00e0n.<\/p>","protected":false},"featured_media":2135,"comment_status":"open","ping_status":"closed","template":"","meta":[],"product_brand":[49],"product_cat":[42,15],"product_tag":[],"class_list":{"0":"post-2143","1":"product","2":"type-product","3":"status-publish","4":"has-post-thumbnail","6":"product_brand-berrino","7":"product_cat-syrup","8":"product_cat-nguyen-lieu-pha-che","10":"first","11":"instock","12":"shipping-taxable","13":"product-type-simple"},"acf":[],"_links":{"self":[{"href":"https:\/\/www.berrino.vn\/en\/wp-json\/wp\/v2\/product\/2143","targetHints":{"allow":["GET"]}}],"collection":[{"href":"https:\/\/www.berrino.vn\/en\/wp-json\/wp\/v2\/product"}],"about":[{"href":"https:\/\/www.berrino.vn\/en\/wp-json\/wp\/v2\/types\/product"}],"replies":[{"embeddable":true,"href":"https:\/\/www.berrino.vn\/en\/wp-json\/wp\/v2\/comments?post=2143"}],"wp:featuredmedia":[{"embeddable":true,"href":"https:\/\/www.berrino.vn\/en\/wp-json\/wp\/v2\/media\/2135"}],"wp:attachment":[{"href":"https:\/\/www.berrino.vn\/en\/wp-json\/wp\/v2\/media?parent=2143"}],"wp:term":[{"taxonomy":"product_brand","embeddable":true,"href":"https:\/\/www.berrino.vn\/en\/wp-json\/wp\/v2\/product_brand?post=2143"},{"taxonomy":"product_cat","embeddable":true,"href":"https:\/\/www.berrino.vn\/en\/wp-json\/wp\/v2\/product_cat?post=2143"},{"taxonomy":"product_tag","embeddable":true,"href":"https:\/\/www.berrino.vn\/en\/wp-json\/wp\/v2\/product_tag?post=2143"}],"curies":[{"name":"wp","href":"https:\/\/api.w.org\/{rel}","templated":true}]}}